{"id":961,"date":"2026-03-05T23:51:05","date_gmt":"2026-03-05T22:51:05","guid":{"rendered":"https:\/\/lepaniersaintfiacre.fr\/?page_id=961"},"modified":"2026-03-12T17:28:33","modified_gmt":"2026-03-12T16:28:33","slug":"contrat-miel","status":"publish","type":"page","link":"https:\/\/lepaniersaintfiacre.fr\/index.php\/contrats\/contrat-miel\/","title":{"rendered":"Contrat  Miel"},"content":{"rendered":"<div class=\"wp-block-image\">\n<figure class=\"alignright is-resized\"><img decoding=\"async\" loading=\"lazy\" src=\"https:\/\/lepaniersaintfiacre.fr\/wp-content\/uploads\/2026\/03\/bandeau-miel-et-bonbons-1024x576.jpg\" alt=\"\" class=\"wp-image-966\" width=\"411\" height=\"231\" srcset=\"https:\/\/lepaniersaintfiacre.fr\/wp-content\/uploads\/2026\/03\/bandeau-miel-et-bonbons-1024x576.jpg 1024w, https:\/\/lepaniersaintfiacre.fr\/wp-content\/uploads\/2026\/03\/bandeau-miel-et-bonbons-300x169.jpg 300w, https:\/\/lepaniersaintfiacre.fr\/wp-content\/uploads\/2026\/03\/bandeau-miel-et-bonbons-768x432.jpg 768w, https:\/\/lepaniersaintfiacre.fr\/wp-content\/uploads\/2026\/03\/bandeau-miel-et-bonbons-1536x864.jpg 1536w, https:\/\/lepaniersaintfiacre.fr\/wp-content\/uploads\/2026\/03\/bandeau-miel-et-bonbons-960x540.jpg 960w, https:\/\/lepaniersaintfiacre.fr\/wp-content\/uploads\/2026\/03\/bandeau-miel-et-bonbons.jpg 1598w\" sizes=\"(max-width: 411px) 100vw, 411px\" \/><\/figure><\/div>\n\n\n<p><mark style=\"background-color:rgba(0, 0, 0, 0)\" class=\"has-inline-color has-vivid-cyan-blue-color\"><strong>Apiculteur<\/strong>\u00a0<\/mark>:\u00a0Micka\u00ebl et Sophie<\/p>\n\n\n\n<p><strong><mark style=\"background-color:rgba(0, 0, 0, 0)\" class=\"has-inline-color has-vivid-cyan-blue-color\">La ferme&nbsp;<\/mark><\/strong>:&nbsp;Boutique \u00ab\u00a0Mes Petites Ruches 91\u00a0\u00bb, <br>545 rue de Garsenval ,91690 Guillerval<\/p>\n\n\n\n<p><strong><mark style=\"background-color:rgba(0, 0, 0, 0)\" class=\"has-inline-color has-vivid-cyan-blue-color\">Facebook&nbsp;&amp; Instagram<\/mark><\/strong>: <a href=\"https:\/\/www.facebook.com\/profile.php?id=100064920316081&amp;locale=fr_FR\">Mes petites ruches 91&nbsp;<\/a><br><strong>Site internet&nbsp;<\/strong>: <a href=\"https:\/\/www.essonnetourisme.com\/p\/mes-petites-ruches-91\/\">Ici<\/a><\/p>\n\n\n\n<p><strong>R\u00e9f\u00e9rent \u00e0 l\u2019AMAP&nbsp;<\/strong>:&nbsp;<a href=\"mailto:miel@lepaniersaintfiacre.fr\">Vincent<\/a><\/p>\n\n\n\n<h4><strong>Contrat<\/strong><\/h4>\n\n\n\n<p>Cette ann\u00e9e, l\u2019AMAP a d\u00e9cid\u00e9 de d\u00e9marrer avec \u00ab&nbsp;Mes petites Ruches 91&nbsp;\u00bb, dans le sud de l\u2019Essonne.<\/p>\n\n\n\n<p>Pour 2026, nous lan\u00e7ons un format avec un minimum de 3 pts prix par contrat. Certains miels sont disponibles toute l\u2019ann\u00e9e, d\u2019autres durant l\u2019\u00e9t\u00e9 (voir ci-dessous). <br><em><strong>Mes petites Ruches 91<\/strong><\/em>&nbsp;propose \u00e9galement des paniers gourmands pour les f\u00eates, du pain d\u2019\u00e9pices et du nougat.<\/p>\n\n\n\n<p><strong>Le calendrier<\/strong>: <br>Les livraisons se font tous les mois , aux m\u00eames dates que la livraison Pain. <br>Elles sont cal\u00e9es sur le contrat Pain, qui offrira une opportunit\u00e9 de partager le transport depuis Guillerval.<br>Selon les commandes, certaines dates seront modifi\u00e9es pour \u00e9viter des commandes globales trop faibles. <br>Vous pourrez ajouter des pots en fonctions de votre consommation (\u00e0 voir avec votre r\u00e9f\u00e9rent).<\/p>\n\n\n\n<h4><strong><mark style=\"background-color:rgba(0, 0, 0, 0)\" class=\"has-inline-color has-black-color\">Livraisons <\/mark><\/strong><\/h4>\n\n\n\n<p>Les <strong>dates <\/strong>choisis sont les suivantes :<br><strong>19 mars, 16  avril, 18 mai, 28 mai, 25 juin, 23 juillet, 17 septembre, 15 octobre, 12 novembre<\/strong>.<br>Une derni\u00e8re livraison sp\u00e9ciale pour <em>les colis gourmands<\/em>, pour d\u00e9cembre sera propos\u00e9e d\u00e9but novembre (\u00e0 confirmer)<\/p>\n\n\n\n<p><strong>Entre 18h15 et 19h<\/strong><br><strong>A la salle Cocteau du centre culturel<\/strong>, \u00e0 c\u00f4t\u00e9 de la m\u00e9diath\u00e8que du Mail de l\u2019\u00eele de France, au Long Rayage \u00e0 Lisses.<br>La livraison sera r\u00e9alis\u00e9 par les apiculteurs (ou parfois via notre Boulanger J\u00e9r\u00f4me)<\/p>\n\n\n\n<p>Date de la 1\u00e8re Livraison 2025 : le&nbsp;<strong>jeudi 19 mars <\/strong><br>Limite des abonnements : <strong>4 jours avant la livraison<\/strong> suivante <br>Ex : pour avoir du miel le jeudi 19 mars, fin des inscriptions le <strong>15 mars 2026<\/strong><br>Possibilit\u00e9 de vous inscrire en cours de p\u00e9riode.<\/p>\n\n\n\n<p><strong>Permanences<\/strong><\/p>\n\n\n\n<p>Nous vous rappelons que le fonctionnement de l\u2019AMAP est r\u00e9alis\u00e9 gr\u00e2ce \u00e0 l\u2019engagement b\u00e9n\u00e9vole des abonn\u00e9s, aux actions n\u00e9cessaires aux distributions (r\u00e9ception des produits, pr\u00e9parations, suivi des distributions, \u2026).<br>Merci d\u2019y contribuer et de proposer vos disponibilit\u00e9s au r\u00e9f\u00e9rent, ou via l\u2019onglet \u00ab&nbsp;Mes permanences&nbsp;\u00bb de AmapJ.<\/p>\n\n\n\n<p><strong>Propositions<\/strong><\/p>\n\n\n\n<p><strong>Les inscriptions sont toujours ouvertes.<\/strong><br>Pour vous abonner aux livraisons de miel, vous pouvez :<\/p>\n\n\n\n<ul>\n<li>Soit vous n\u2019\u00eates pas encore adh\u00e9rent \u00e0 l\u2019AMAP, et commencez par envoyer un email de \u00ab&nbsp;contact&nbsp;\u00bb (voir page&nbsp;<a href=\"https:\/\/lepaniersaintfiacre.fr\/index.php\/contact\/\">Contact<\/a>)<\/li>\n\n\n\n<li>Soit vous vous connectez sur&nbsp;<a href=\"https:\/\/lepaniersaintfiacre.fr\/index.php\/contrats\/amapj\/\">AmapJ&nbsp;<\/a>et programmer votre contrat (recommand\u00e9)<\/li>\n\n\n\n<li>Soit vous contactez&nbsp;<a href=\"mailto:miel@lepaniersaintfiacre.fr\">Vincent<\/a>&nbsp;et pr\u00e9sentez votre souhait, il \u00e9changera avec vous pour construire le contrat.<br>Il faudra tout de m\u00eame pr\u00e9venir Vincent avec un simple&nbsp;<a href=\"mailto:pain@lepaniersaintfiacre.fr\">email<\/a>, que vous avez ajout\u00e9 un contrat.<\/li>\n<\/ul>\n\n\n\n<p><strong>Important :<\/strong> A votre 1\u00e8re livraison, vous remettrez au r\u00e9f\u00e9rent le&nbsp;<strong>contrat d\u2019engagement (imprim\u00e9 depuis AmapJ) sign\u00e9 avec le(s) ch\u00e8que(s)<\/strong>.<\/p>\n\n\n\n<p><strong>Choix<\/strong><\/p>\n\n\n\n<p>L\u2019adh\u00e9rent a bien s\u00fbr la possibilit\u00e9 de commander plusieurs vari\u00e9t\u00e9s de miel \u00e0 chaque livraison, mais il a aussi la libert\u00e9 de changer de vari\u00e9t\u00e9 d\u2019une livraison \u00e0 une autre.<\/p>\n\n\n\n<p>Pr\u00e9-requis est qu\u2019un choix <strong>minimum de 3 produits (pot, sachet ou panier) <\/strong><strong>dans la p\u00e9riode<\/strong>, devra \u00eatre imp\u00e9rativement d\u00e9termin\u00e9s au d\u00e9but, c\u2019est \u00e0 dire \u00e0 la signature du contrat remis; <br>Ceci a pour but de renforcer un int\u00e9r\u00eat de rentabilit\u00e9 et d&rsquo;organisation pour les paysans, mais aussi renforcer l&rsquo;engagement des abonn\u00e9s au soutien au paysan.<\/p>\n\n\n\n<p>Depuis le site AmapJ, un \u00ab&nbsp;Contrat d\u2019Engagement&nbsp;\u00bb sera \u00e0 imprimer (par vous). <br>Celui-ci contiendra le d\u00e9tail de vos choix, les dates de livraison, le montant total, et les dates d\u2019encaissement des ch\u00e8ques.<br>Il ne vous restera plus qu\u2019\u00e0 signer ce document contrat, que vous remettrez au r\u00e9f\u00e9rent Miel avec le(s) ch\u00e8que(s)(montant minimum 15\u20ac par ch\u00e8que svp).<\/p>\n\n\n\n<p>Comme dit plus haut, envoyez un petit email au r\u00e9f\u00e9rent, pour le pr\u00e9venir, juste apr\u00e8s votre enregistrement sur AmapJ (l\u2019outil ne nous pr\u00e9viens pas automatiquement malheureusement)<\/p>\n\n\n\n<p>En son absence lors d\u2019une livraison, vous pourrez le remettre \u00e0 la personne en charge de la distribution ou du collectif de l\u2019AMAP.<\/p>\n\n\n\n<h4>Produits<\/h4>\n\n\n\n<p>Vous aurez un choix \u00e0 faire parmi 8 miels, en  conditionnements 250g ou 500g, des bonbons, du nougat et des paniers gourmands.  Les prix sont pr\u00e9sents sur AMAPJ<\/p>\n\n\n\n\n<pre class=\"wp-block-preformatted\"><figure class=\"wp-block-table is-style-stripes\">\n<table border=\"1\"><tbody>\n<tr><th h-align=\"center\" style=\"width:auto;\"><strong>Produit<\/strong><\/th><th style=\"width: 40%;\"><strong>Description<\/strong><\/th><th style=\"width:12%;\"><strong>Cond.<\/strong><\/th><th style=\"width: 10%;\">Prix<\/th><th style=\"width: auto;\"><\/th><\/tr>\n<!-- Lines <tr> 5x(<td><\/td>) <\/tr> -->\n\n<!-- lignes miels (8) -->\n<tr><td class=\"has-text-align-center\" data-align=\"center\" rowspan=\"2\"><strong>\"Miel de Printemps\"<\/strong><\/td><td rowspan=\"2\">\"Tr\u00e8s doux au go\u00fbt l\u00e9ger, parfait pour sucrer les boissons chaudes, en cuisine et p\u00e2tisserie et tr\u00e8s appr\u00e9ci\u00e9 des enfants.\"<\/td><td>250gr<\/td><td>4,00 \u20ac<\/td><td rowspan=\"2\"><img decoding=\"async\" src=\"https:\/\/lepaniersaintfiacre.fr\/wp-content\/uploads\/2026\/03\/IMG-20260107-WA0037.jpg\" alt=\"Photo\"><\/td><\/tr>\n<tr><!-- td Produit jumel\u00e9e avec dessus --><!-- td Description jumel\u00e9e avec dessus --><td>500gr<\/td><td>7,00 \u20ac<\/td><!-- td Photo jumel\u00e9e avec dessus --><\/tr>\n<tr><td class=\"has-text-align-center\" data-align=\"center\" rowspan=\"2\"><strong>\"Miel Toutes Fleurs\"<\/strong><\/td><td rowspan=\"2\">\"Polyfloral, le go\u00fbt peut varier en fonction des types de fleurs que les abeilles visitent.\"<\/td><td>250gr<\/td><td>5,00 \u20ac<\/td><td rowspan=\"2\"><img decoding=\"async\" src=\"\" alt=\"Photo\"><\/td><\/tr>\n<tr><!-- td Produit jumel\u00e9e avec dessus --><!-- td Description jumel\u00e9e avec dessus --><td>500gr<\/td><td>9,00 \u20ac<\/td><!-- td Photo jumel\u00e9e avec dessus --><\/tr>\n<tr><td class=\"has-text-align-center\" data-align=\"center\" rowspan=\"2\"><strong>\"Miel d'\u00c9t\u00e9\"<\/strong><\/td><td rowspan=\"2\">\"En 2025, subtil m\u00e9lange de miel de tournesol et de luzerne, saveur douce et fruit\u00e9e, son ar\u00f4me est l\u00e9ger.\"<\/td><td>250gr<\/td><td>5,00 \u20ac<\/td><td rowspan=\"2\"><img decoding=\"async\" src=\"https:\/\/lepaniersaintfiacre.fr\/wp-content\/uploads\/2026\/03\/IMG-20260107-WA0039.jpg\" alt=\"Photo\"><\/td><\/tr>\n<tr><!-- td Produit jumel\u00e9e avec dessus --><!-- td Description jumel\u00e9e avec dessus --><td>500gr<\/td><td>9,00 \u20ac<\/td><!-- td Photo jumel\u00e9e avec dessus --><\/tr>\n<tr><td class=\"has-text-align-center\" data-align=\"center\" rowspan=\"2\"><strong>\"Miel de For\u00eat\"<\/strong><\/td><td rowspan=\"2\">\"Au go\u00fbt plus relev\u00e9, notes bois\u00e9es, ar\u00f4mes plus persistant en bouche et moins sucr\u00e9 que les autres miels de fleurs.\"<\/td><td>250gr<\/td><td>5,00 \u20ac<\/td><td rowspan=\"2\"><img decoding=\"async\" src=\"https:\/\/lepaniersaintfiacre.fr\/wp-content\/uploads\/2026\/03\/IMG-20260107-WA0038.jpg\" alt=\"Photo\"><\/td><\/tr>\n<tr><!-- td Produit jumel\u00e9e avec dessus --><!-- td Description jumel\u00e9e avec dessus --><td>500gr<\/td><td>9,00 \u20ac<\/td><!-- td Photo jumel\u00e9e avec dessus --><\/tr>\n<tr><td class=\"has-text-align-center\" data-align=\"center\" rowspan=\"2\"><strong>\"Miel d'Acacia\"<\/strong><\/td><td rowspan=\"2\">\"Saveur douce et d\u00e9licate, ar\u00f4me subtil, grande polyvalence en cuisine ou m\u00eame bien \u00eatre. Tr\u00e8s appr\u00e9ci\u00e9 des enfants.\"<\/td><td>250gr<\/td><td>5,00 \u20ac<\/td><td rowspan=\"2\"><img decoding=\"async\" src=\"https:\/\/lepaniersaintfiacre.fr\/wp-content\/uploads\/2026\/03\/IMG-20260107-WA0036.jpg\" alt=\"Photo\"><\/td><\/tr>\n<tr><!-- td Produit jumel\u00e9e avec dessus --><!-- td Description jumel\u00e9e avec dessus --><td>500gr<\/td><td>10,00 \u20ac<\/td><!-- td Photo jumel\u00e9e avec dessus --><\/tr>\n<tr><td class=\"has-text-align-center\" data-align=\"center\" rowspan=\"2\"><strong>\"Miel de Tilleul\"<\/strong><\/td><td rowspan=\"2\">\"Unique et de caract\u00e8re, tr\u00e8s parfum\u00e9, aux ar\u00f4mes menthol\u00e9s, parfum envo\u00fbtant. Saveur intense et persistante, il n\u2019est pas acide. Parfait dans le th\u00e9 ou tisane !\"<\/td><td>250gr<\/td><td>5,00 \u20ac<\/td><td rowspan=\"2\"><img decoding=\"async\" src=\"https:\/\/lepaniersaintfiacre.fr\/wp-content\/uploads\/2026\/03\/IMG-20260107-WA0040.jpg\" alt=\"Photo\"><\/td><\/tr>\n<tr><!-- td Produit jumel\u00e9e avec dessus --><!-- td Description jumel\u00e9e avec dessus --><td>500gr<\/td><td>10,00 \u20ac<\/td><!-- td Photo jumel\u00e9e avec dessus --><\/tr>\n<tr><td class=\"has-text-align-center\" data-align=\"center\" rowspan=\"2\"><strong>\"Miel de Lavande\"<\/strong><\/td><td rowspan=\"2\">\"D\u00e9licat et floral, son parfum est tr\u00e8s agr\u00e9able, son go\u00fbt est savoureux, long en bouche\"<\/td><td>250gr<\/td><td>5,00 \u20ac<\/td><td rowspan=\"2\"><img decoding=\"async\" src=\"https:\/\/lepaniersaintfiacre.fr\/wp-content\/uploads\/2026\/03\/IMG-20260107-WA0041.jpg\" alt=\"Photo\"><\/td><\/tr>\n<tr><!-- td Produit jumel\u00e9e avec dessus --><!-- td Description jumel\u00e9e avec dessus --><td>500gr<\/td><td>10,00 \u20ac<\/td><!-- td Photo jumel\u00e9e avec dessus --><\/tr>\n<tr><td class=\"has-text-align-center\" data-align=\"center\" rowspan=\"2\"><strong>\"Miel de Ch\u00e2taignier\"<\/strong><\/td><td rowspan=\"2\">\"Aux reflets ambr\u00e9s, c\u2019est un miel de caract\u00e8re qui r\u00e9veille. Miel qui se distingue pour son ar\u00f4me bois\u00e9 et son amertume prononc\u00e9e. Long en bouche et tranche avec la douceur des miels plus communs.\"<\/td><td>250gr<\/td><td>5,00 \u20ac<\/td><td rowspan=\"2\"><img decoding=\"async\" src=\"\" alt=\"Photo\"><\/td><\/tr>\n<tr><!-- td Produit jumel\u00e9e avec dessus --><!-- td Description jumel\u00e9e avec dessus --><td>500gr<\/td><td>10,00 \u20ac<\/td><!-- td Photo jumel\u00e9e avec dessus --><\/tr>\n<!-- lignes autres produits (6) -->\n<tr><td class=\"has-text-align-center\" data-align=\"center\" rowspan=\"2\"><strong>\"Pollen (s\u00e9ch\u00e9)\"<\/strong><\/td><td rowspan=\"2\">\"R\u00e9colt\u00e9 par les abeilles et issu de diverses vari\u00e9t\u00e9s de fleurs. Super aliment naturel, riche en prot\u00e9ines et en antioxydants, nombreuses propri\u00e9t\u00e9s (anti-inflammatoires, immunit\u00e9)\"<\/td><td>110gr<\/td><td>6,00 \u20ac<\/td><td rowspan=\"2\"><img decoding=\"async\" src=\"https:\/\/lepaniersaintfiacre.fr\/wp-content\/uploads\/2026\/03\/IMG-20260107-WA0042.jpg\" alt=\"Photo\"><\/td><\/tr>\n<tr><!-- td Produit jumel\u00e9e avec dessus --><!-- td Description jumel\u00e9e avec dessus --><td>220gr<\/td><td>12,00 \u20ac<\/td><!-- td Photo jumel\u00e9e avec dessus --><\/tr>\n<tr><td class=\"has-text-align-center\" data-align=\"center\"><strong>\"Bonbon Miel\"<\/strong><\/td><td>\"Boules fourr\u00e9es au miel liquide\"<\/td><td>1 sachet<\/td><td>4,50 \u20ac<\/td><td><img decoding=\"async\" src=\"https:\/\/lepaniersaintfiacre.fr\/wp-content\/uploads\/2026\/03\/bonbon-miel-liquide.jpg\" alt=\"Photo\"><\/td><\/tr>\n<tr><td class=\"has-text-align-center\" data-align=\"center\"><strong>\"Bonbon s\u00e8ve de pin\"<\/strong><\/td><td>\"\"<\/td><td>1 sachet<\/td><td>4,50 \u20ac<\/td><td><img decoding=\"async\" src=\"https:\/\/lepaniersaintfiacre.fr\/wp-content\/uploads\/2026\/03\/bonbons-seve-pin.jpg\" alt=\"Photo\"><\/td><\/tr>\n<tr><td class=\"has-text-align-center\" data-align=\"center\"><strong>\"Bonbon Propolis\"<\/strong><\/td><td>\"\"<\/td><td>1 sachet<\/td><td>5,00 \u20ac<\/td><td><img decoding=\"async\" src=\"https:\/\/lepaniersaintfiacre.fr\/wp-content\/uploads\/2026\/03\/bonbons-Propolis.jpg\" alt=\"Photo\"><\/td><\/tr>\n<tr><td class=\"has-text-align-center\" data-align=\"center\"><strong>\"Nougat Maison\"<\/strong><\/td><td>\"Avec amande, pistaches, & miel de Lavande\"<\/td><td>Barre 100g<\/td><td>5,00 \u20ac<\/td><td><img decoding=\"async\" src=\"https:\/\/lepaniersaintfiacre.fr\/wp-content\/uploads\/2026\/03\/Nougat-maison-amande-pistache-miel-lavalnde.jpg\" alt=\"Photo\"><\/td><\/tr>\n<tr><td class=\"has-text-align-center\" data-align=\"center\"><strong>\"Pain d'\u00e9pices Gourmand\"<\/strong><\/td><td>\" Miel de For\u00eat (ou Ch\u00e2taignier suivant stocks) \/ Marmelade d\u2019Orange.\"<\/td><td>380\/400g<BR><\/td><td>8,00 \u20ac<\/td><td><img decoding=\"async\" src=\"https:\/\/lepaniersaintfiacre.fr\/wp-content\/uploads\/2026\/03\/pain-epices-gourmand.jpg\" alt=\"Photo\"><\/td><\/tr>\n\n<!-- lignes paniers (3) -->\n<tr><td class=\"has-text-align-center\" data-align=\"center\"><strong>\"Assortiment sachet cadeau\"<\/strong><\/td><td>\"Contenu: 1 Miel 250g, sachet bonbons, bougie, cuill\u00e8re \u00e0 miel en bois\"<\/td><td>1 sachet<\/td><td>15,00 \u20ac<\/td><td><img decoding=\"async\" src=\"https:\/\/lepaniersaintfiacre.fr\/wp-content\/uploads\/2026\/03\/Assortiment-a-offrir-Sachet.jpg\" alt=\"Photo\"><\/td><\/tr>\n<tr><td class=\"has-text-align-center\" data-align=\"center\"><strong>\"Assortiment panier M\"<\/strong><\/td><td>\"Contenu: Voir Photo (variable), choix des miels et vari\u00e9t\u00e9 de bonbon (entre miel\/s\u00e8ve de pin)\"<\/td><td><\/td><td>25,00 \u20ac<\/td><td><img decoding=\"async\" src=\"https:\/\/lepaniersaintfiacre.fr\/wp-content\/uploads\/2026\/03\/Assortiment-a-offrir-Panier-M.jpg\" alt=\"Photo\"><\/td><\/tr>\n<tr><td class=\"has-text-align-center\" data-align=\"center\"><strong>\"Assortiment panier L\"<\/strong><\/td><td>\"Contenu: Voir Photo (variable), choix des miels et vari\u00e9t\u00e9 de bonbon (entre miel\/s\u00e8ve de pin)\"<\/td><td><\/td><td>35,00 \u20ac<\/td><td><img decoding=\"async\" src=\"https:\/\/lepaniersaintfiacre.fr\/wp-content\/uploads\/2026\/03\/Assortiment-a-offrir-Panier-L.jpg\" alt=\"Photo\"><\/td><\/tr>\n\n\n<\/tbody><\/table><\/figure><\/pre>\n\n\n\n<p><strong>Conservation <\/strong>: 2 ans pour le miel, 1 an ou 18 mois pour les bonbons, 2 mois pour le nougat, 15 jours pour le pain d\u2019\u00e9pices<\/p>\n\n\n\n<h4><strong>Informations&nbsp;sur Mes petites ruches 91<\/strong><\/h4>\n\n\n\n<ul>\n<li>Apiculteurs depuis 2022<\/li>\n\n\n\n<li>Nos ruchers sont situ\u00e9s exclusivement dans le Sud-Essonne (\u00e0 Guillerval, Etampes, Morigny-Champigny et Boissy-le-Cutt\u00e9) sur des terres ou for\u00eats d\u2019agriculteurs locaux (dont J\u00e9r\u00f4me de la Ferme des Hirondelles)<\/li>\n\n\n\n<li>Nous pratiquons la transhumance afin de proposer plusieurs vari\u00e9t\u00e9s de miel (pour le miel d\u2019acacia, tilleul et ch\u00e2taignier)<\/li>\n\n\n\n<li>Vente aux particuliers (A domicile, revente en boutique, march\u00e9 hebdomadaire de Ste Genevi\u00e8ve des Bois et aux professionnels (boulangeries, brasseurs, \u2026)<\/li>\n<\/ul>\n\n\n\n<p>Page mise \u00e0 jour : 05\/03\/2026<\/p>\n\n\n\n<figure class=\"is-layout-flex wp-block-gallery-1 wp-block-gallery has-nested-images columns-default is-cropped\">\n<figure class=\"wp-block-image size-large\"><img decoding=\"async\" loading=\"lazy\" width=\"841\" height=\"646\" data-id=\"969\"  src=\"https:\/\/lepaniersaintfiacre.fr\/wp-content\/uploads\/2026\/03\/Assortiment-a-offrir-Panier-M.jpg\" alt=\"\" class=\"wp-image-969\" srcset=\"https:\/\/lepaniersaintfiacre.fr\/wp-content\/uploads\/2026\/03\/Assortiment-a-offrir-Panier-M.jpg 841w, https:\/\/lepaniersaintfiacre.fr\/wp-content\/uploads\/2026\/03\/Assortiment-a-offrir-Panier-M-300x230.jpg 300w, https:\/\/lepaniersaintfiacre.fr\/wp-content\/uploads\/2026\/03\/Assortiment-a-offrir-Panier-M-768x590.jpg 768w\" sizes=\"(max-width: 841px) 100vw, 841px\" \/><\/figure>\n\n\n\n<figure class=\"wp-block-image size-large\"><img decoding=\"async\" loading=\"lazy\" width=\"883\" height=\"648\" data-id=\"968\"  src=\"https:\/\/lepaniersaintfiacre.fr\/wp-content\/uploads\/2026\/03\/Assortiment-a-offrir-Panier-L.jpg\" alt=\"\" class=\"wp-image-968\" srcset=\"https:\/\/lepaniersaintfiacre.fr\/wp-content\/uploads\/2026\/03\/Assortiment-a-offrir-Panier-L.jpg 883w, https:\/\/lepaniersaintfiacre.fr\/wp-content\/uploads\/2026\/03\/Assortiment-a-offrir-Panier-L-300x220.jpg 300w, https:\/\/lepaniersaintfiacre.fr\/wp-content\/uploads\/2026\/03\/Assortiment-a-offrir-Panier-L-768x564.jpg 768w\" sizes=\"(max-width: 883px) 100vw, 883px\" \/><\/figure>\n\n\n\n<figure class=\"wp-block-image size-large\"><img decoding=\"async\" loading=\"lazy\" width=\"863\" height=\"1024\" data-id=\"982\"  src=\"https:\/\/lepaniersaintfiacre.fr\/wp-content\/uploads\/2026\/03\/IMG-20260107-WA0043-863x1024.jpg\" alt=\"\" class=\"wp-image-982\" srcset=\"https:\/\/lepaniersaintfiacre.fr\/wp-content\/uploads\/2026\/03\/IMG-20260107-WA0043-863x1024.jpg 863w, https:\/\/lepaniersaintfiacre.fr\/wp-content\/uploads\/2026\/03\/IMG-20260107-WA0043-253x300.jpg 253w, https:\/\/lepaniersaintfiacre.fr\/wp-content\/uploads\/2026\/03\/IMG-20260107-WA0043-768x912.jpg 768w, https:\/\/lepaniersaintfiacre.fr\/wp-content\/uploads\/2026\/03\/IMG-20260107-WA0043-1294x1536.jpg 1294w, https:\/\/lepaniersaintfiacre.fr\/wp-content\/uploads\/2026\/03\/IMG-20260107-WA0043.jpg 1725w\" sizes=\"(max-width: 863px) 100vw, 863px\" \/><\/figure>\n\n\n\n<figure class=\"wp-block-image size-large\"><img decoding=\"async\" loading=\"lazy\" width=\"914\" height=\"560\" data-id=\"985\"  src=\"https:\/\/lepaniersaintfiacre.fr\/wp-content\/uploads\/2026\/03\/Nougat-maison-amande-pistache-miel-lavalnde.jpg\" alt=\"\" class=\"wp-image-985\" srcset=\"https:\/\/lepaniersaintfiacre.fr\/wp-content\/uploads\/2026\/03\/Nougat-maison-amande-pistache-miel-lavalnde.jpg 914w, https:\/\/lepaniersaintfiacre.fr\/wp-content\/uploads\/2026\/03\/Nougat-maison-amande-pistache-miel-lavalnde-300x184.jpg 300w, https:\/\/lepaniersaintfiacre.fr\/wp-content\/uploads\/2026\/03\/Nougat-maison-amande-pistache-miel-lavalnde-768x471.jpg 768w\" sizes=\"(max-width: 914px) 100vw, 914px\" \/><\/figure>\n\n\n\n<figure class=\"wp-block-image size-large\"><img decoding=\"async\" loading=\"lazy\" width=\"576\" height=\"1024\" data-id=\"981\"  src=\"https:\/\/lepaniersaintfiacre.fr\/wp-content\/uploads\/2026\/03\/IMG-20260107-WA0042-576x1024.jpg\" alt=\"\" class=\"wp-image-981\" srcset=\"https:\/\/lepaniersaintfiacre.fr\/wp-content\/uploads\/2026\/03\/IMG-20260107-WA0042-576x1024.jpg 576w, https:\/\/lepaniersaintfiacre.fr\/wp-content\/uploads\/2026\/03\/IMG-20260107-WA0042-169x300.jpg 169w, https:\/\/lepaniersaintfiacre.fr\/wp-content\/uploads\/2026\/03\/IMG-20260107-WA0042-768x1365.jpg 768w, https:\/\/lepaniersaintfiacre.fr\/wp-content\/uploads\/2026\/03\/IMG-20260107-WA0042-864x1536.jpg 864w, https:\/\/lepaniersaintfiacre.fr\/wp-content\/uploads\/2026\/03\/IMG-20260107-WA0042.jpg 1125w\" sizes=\"(max-width: 576px) 100vw, 576px\" \/><\/figure>\n\n\n\n<figure class=\"wp-block-image size-large\"><img decoding=\"async\" loading=\"lazy\" width=\"808\" height=\"1024\" data-id=\"978\"  src=\"https:\/\/lepaniersaintfiacre.fr\/wp-content\/uploads\/2026\/03\/IMG-20260107-WA0039-808x1024.jpg\" alt=\"\" class=\"wp-image-978\" srcset=\"https:\/\/lepaniersaintfiacre.fr\/wp-content\/uploads\/2026\/03\/IMG-20260107-WA0039-808x1024.jpg 808w, https:\/\/lepaniersaintfiacre.fr\/wp-content\/uploads\/2026\/03\/IMG-20260107-WA0039-237x300.jpg 237w, https:\/\/lepaniersaintfiacre.fr\/wp-content\/uploads\/2026\/03\/IMG-20260107-WA0039-768x974.jpg 768w, https:\/\/lepaniersaintfiacre.fr\/wp-content\/uploads\/2026\/03\/IMG-20260107-WA0039-1211x1536.jpg 1211w, https:\/\/lepaniersaintfiacre.fr\/wp-content\/uploads\/2026\/03\/IMG-20260107-WA0039.jpg 1615w\" sizes=\"(max-width: 808px) 100vw, 808px\" \/><\/figure>\n<\/figure>\n","protected":false},"excerpt":{"rendered":"<p>Apiculteur\u00a0:\u00a0Micka\u00ebl et Sophie La ferme&nbsp;:&nbsp;Boutique \u00ab\u00a0Mes Petites Ruches 91\u00a0\u00bb, 545 rue de Garsenval ,91690 Guillerval Facebook&nbsp;&amp; Instagram: Mes petites ruches &hellip; <a href=\"https:\/\/lepaniersaintfiacre.fr\/index.php\/contrats\/contrat-miel\/\" class=\"more-link\">More <span class=\"screen-reader-text\">Contrat  Miel<\/span> <span class=\"meta-nav\">&rarr;<\/span><\/a><\/p>\n","protected":false},"author":8,"featured_media":0,"parent":2,"menu_order":7,"comment_status":"closed","ping_status":"closed","template":"","meta":[],"_links":{"self":[{"href":"https:\/\/lepaniersaintfiacre.fr\/index.php\/wp-json\/wp\/v2\/pages\/961"}],"collection":[{"href":"https:\/\/lepaniersaintfiacre.fr\/index.php\/wp-json\/wp\/v2\/pages"}],"about":[{"href":"https:\/\/lepaniersaintfiacre.fr\/index.php\/wp-json\/wp\/v2\/types\/page"}],"author":[{"embeddable":true,"href":"https:\/\/lepaniersaintfiacre.fr\/index.php\/wp-json\/wp\/v2\/users\/8"}],"replies":[{"embeddable":true,"href":"https:\/\/lepaniersaintfiacre.fr\/index.php\/wp-json\/wp\/v2\/comments?post=961"}],"version-history":[{"count":17,"href":"https:\/\/lepaniersaintfiacre.fr\/index.php\/wp-json\/wp\/v2\/pages\/961\/revisions"}],"predecessor-version":[{"id":1009,"href":"https:\/\/lepaniersaintfiacre.fr\/index.php\/wp-json\/wp\/v2\/pages\/961\/revisions\/1009"}],"up":[{"embeddable":true,"href":"https:\/\/lepaniersaintfiacre.fr\/index.php\/wp-json\/wp\/v2\/pages\/2"}],"wp:attachment":[{"href":"https:\/\/lepaniersaintfiacre.fr\/index.php\/wp-json\/wp\/v2\/media?parent=961"}],"curies":[{"name":"wp","href":"https:\/\/api.w.org\/{rel}","templated":true}]}}