{"id":8,"date":"2020-01-30T13:46:57","date_gmt":"2020-01-30T12:46:57","guid":{"rendered":"http:\/\/lepaniersaintfiacre.fr\/?page_id=8"},"modified":"2026-03-17T12:40:44","modified_gmt":"2026-03-17T11:40:44","slug":"accueil","status":"publish","type":"page","link":"https:\/\/lepaniersaintfiacre.fr\/","title":{"rendered":"Actualit\u00e9s"},"content":{"rendered":"\n<h2>Saison 2026<\/h2>\n\n\n\n<h4><mark style=\"background-color:rgba(0, 0, 0, 0)\" class=\"has-inline-color has-vivid-cyan-blue-color\">15\/03\/2026<\/mark> Encore nouveaut\u00e9 : le Miel d\u00e9barque \u00e0 notre AMAP \ud83d\udc1d<\/h4>\n\n\n\n<p>D\u00e9but f\u00e9vrier, nous avons fait une d\u00e9gustation de miel lors d&rsquo;une distribution.<\/p>\n\n\n\n<p>Et donc ce jeudi 19 mars, certains recevront leur premi\u00e8re livraison de produits de nos nouveaux <strong>paysans apiculteurs, Sophie et Micka\u00ebl<\/strong>, de <em>Mes Petites Ruches 91<\/em>, bas\u00e9s au sud de l&rsquo;Essonne \u00e0 Guillerval.<\/p>\n\n\n\n<p>Je vous invite \u00e0 lire la <a rel=\"noreferrer noopener\" href=\"https:\/\/lepaniersaintfiacre.fr\/index.php\/contrats\/contrat-miel\/\" data-type=\"URL\" data-id=\"https:\/\/lepaniersaintfiacre.fr\/index.php\/contrats\/contrat-miel\/\" target=\"_blank\">pr\u00e9sentation <\/a>que nous avons r\u00e9alis\u00e9 \u00e0 leur propos, et vous pourrez vous inscrire, sur <a rel=\"noreferrer noopener\" href=\"https:\/\/s8.amapj.fr\/p\/lisses#!\" data-type=\"URL\" data-id=\"https:\/\/s8.amapj.fr\/p\/lisses#!\" target=\"_blank\">AmapJ<\/a>. La prochaine livraison est pr\u00e9vue pour le <strong>16 avril<\/strong>.<\/p>\n\n\n\n<h4><mark style=\"background-color:rgba(0, 0, 0, 0)\" class=\"has-inline-color has-vivid-cyan-blue-color\">11\/02\/2026<\/mark> D\u00e9marrage de contrats :<strong> <\/strong>2eme vague et nouveaut\u00e9<\/h4>\n\n\n\n<p>En effet, les contrats Volailles, Fromages de ch\u00e8vre sont relanc\u00e9s pour cette ann\u00e9e 2026. <br>D\u00e9tails et dates accessibles dans les pr\u00e9sentations Contrats (accessibles par le menu)<\/p>\n\n\n\n<p>Vous pouvez vous inscrire d\u00e8s maintenant sur <a href=\"https:\/\/s8.amapj.fr\/p\/lisses#!\" data-type=\"URL\" data-id=\"https:\/\/s8.amapj.fr\/p\/lisses#!\">AmapJ<\/a>.<br>Attention au limite d&rsquo;inscription pour avoir un contrat plein : 19 f\u00e9vrier pour la volailles, et 28 f\u00e9vrier pour les fromages.<\/p>\n\n\n\n<h4>Et&#8230;&#8230; Nouveaut\u00e9 \u00e0 l&rsquo;AMAP !!!<\/h4>\n\n\n\n<p>\ud83d\udc37 Contrat viande de Porc BIO, d&rsquo;une ferme de l&rsquo;Essonne.<br>4 livraisons dans l&rsquo;ann\u00e9e, avec de la souplesse.  Plusieurs articles propos\u00e9s, allez voir le d\u00e9tail <a href=\"https:\/\/lepaniersaintfiacre.fr\/index.php\/contrat-viande-de-porc\/\" data-type=\"URL\" data-id=\"https:\/\/lepaniersaintfiacre.fr\/index.php\/contrat-viande-de-porc\/\">ici <\/a>.<br>Et disponible dans <a href=\"https:\/\/s8.amapj.fr\/p\/lisses#!\" data-type=\"URL\" data-id=\"https:\/\/s8.amapj.fr\/p\/lisses#!\">AmapJ<\/a><\/p>\n\n\n\n<h4><mark style=\"background-color:rgba(0, 0, 0, 0)\" class=\"has-inline-color has-vivid-cyan-blue-color\">05\/02\/2026<\/mark> Nouveau LOGO pour l&rsquo;AMAP !!<\/h4>\n\n\n\n<p>Eh oui, c&rsquo;\u00e9tait beaucoup attendu par pas mal de personnes.<\/p>\n\n\n\n<p>Apr\u00e8s une premi\u00e8re s\u00e9lection par le Collectif de l&rsquo;AMAP,  vous avez \u00e9t\u00e9 plus de 40 adh\u00e9rents \u00e0 voter en janvier parmi les images finalistes, orchestr\u00e9 par Delphine \ud83d\ude09.<br>La pr\u00e9f\u00e9rence sur le logo gagnant a \u00e9t\u00e9 tr\u00e8s nette. <\/p>\n\n\n<div class=\"wp-block-image\">\n<figure class=\"aligncenter size-full is-resized\"><img decoding=\"async\" loading=\"lazy\" src=\"https:\/\/lepaniersaintfiacre.fr\/wp-content\/uploads\/2026\/02\/Logo-AmapLPSF-2026-1.jpg\" alt=\"\" class=\"wp-image-955\" width=\"286\" height=\"275\" srcset=\"https:\/\/lepaniersaintfiacre.fr\/wp-content\/uploads\/2026\/02\/Logo-AmapLPSF-2026-1.jpg 478w, https:\/\/lepaniersaintfiacre.fr\/wp-content\/uploads\/2026\/02\/Logo-AmapLPSF-2026-1-300x289.jpg 300w\" sizes=\"(max-width: 286px) 100vw, 286px\" \/><figcaption class=\"wp-element-caption\">MERCI POUR VOTRE PARTICIPATION<\/figcaption><\/figure><\/div>\n\n\n<h4><mark style=\"background-color:rgba(0, 0, 0, 0)\" class=\"has-inline-color has-vivid-cyan-blue-color\">23\/01\/2026<\/mark> <strong>Invitation \u00e0 partager Cr\u00eape Party<\/strong><\/h4>\n\n\n\n<p>Le jeudi 5 f\u00e9vrier 2026, nous vous invitons \u00e0 une <strong>d\u00e9gustation de cr\u00eapes<\/strong> offert par les membres du collectif, lors de notre moment de distribution toujours \u00e0 notre salle Cocteau du Long Rayage <strong>de 18h \u00e0 19h30<\/strong>, dont la premi\u00e8re livraison de Farine de l&rsquo;ann\u00e9e.<\/p>\n\n\n<div class=\"wp-block-image\">\n<figure class=\"aligncenter size-full is-resized\"><img decoding=\"async\" loading=\"lazy\" src=\"https:\/\/lepaniersaintfiacre.fr\/wp-content\/uploads\/2026\/02\/CrepesParty_mini-1.jpg\" alt=\"\" class=\"wp-image-939\" width=\"224\" height=\"224\" srcset=\"https:\/\/lepaniersaintfiacre.fr\/wp-content\/uploads\/2026\/02\/CrepesParty_mini-1.jpg 204w, https:\/\/lepaniersaintfiacre.fr\/wp-content\/uploads\/2026\/02\/CrepesParty_mini-1-150x150.jpg 150w\" sizes=\"(max-width: 224px) 100vw, 224px\" \/><\/figure><\/div>\n\n\n<p>On vous y attent \ud83d\ude0a<\/p>\n\n\n\n<h4><mark style=\"background-color:rgba(0, 0, 0, 0)\" class=\"has-inline-color has-vivid-cyan-blue-color\">22\/01\/2026<\/mark> <strong>Inscription au contrat Farine ouvert<\/strong>e<\/h4>\n\n\n\n<p>L&rsquo;inscription sur AMAPJ est ouverte pour le <strong>contrat Farine 2026<\/strong><br>A peu pr\u00e8s comme l&rsquo;ann\u00e9e derni\u00e8re, il y aura 5 livraisons, avec vos produits constant et \u00e0 chaque fois vous recevrez un hors-contrat pour vous permettre de compl\u00e9ter votre commande.<\/p>\n\n\n\n<p class=\"has-text-align-left\">! <strong>Ne tardez pas<\/strong> : Pour \u00eatre livrer \u00e0 la premi\u00e8re du jeudi 05\/02\/2026, il faut vous<strong> <\/strong>inscrire sur AmapJ <strong>avant le 1er f\u00e9vrier<\/strong>.<\/p>\n\n\n\n<h4><mark style=\"background-color:rgba(0, 0, 0, 0)\" class=\"has-inline-color has-vivid-cyan-blue-color\">08\/12\/2025<\/mark> <strong> L&rsquo;adh\u00e9sion <\/strong>pour 2026 est lanc\u00e9e !!<\/h4>\n\n\n\n<p>Notre outil <a href=\"https:\/\/s8.amapj.fr\/p\/lisses#!\" data-type=\"URL\" data-id=\"https:\/\/s8.amapj.fr\/p\/lisses#!\">AmapJ<\/a> est configur\u00e9 pour votre inscription pour la nouvelle p\u00e9riode 2026.<br>L&rsquo;\u00e9quipe pour vous accueillir est la m\u00eame , les paysans-producteurs aussi&#8230;.<\/p>\n\n\n\n<p>Note : Pour les nouveaux adh\u00e9rents, vous devrez me faire une demande par email d&rsquo;abord (voir <a href=\"https:\/\/lepaniersaintfiacre.fr\/index.php\/contrats\/amapj\/\" data-type=\"page\" data-id=\"561\">AMAPJ<\/a> )<\/p>\n\n\n\n<p>D&rsquo;ores et d\u00e9j\u00e0, vous aurez acc\u00e8s aux contrats L\u00e9gumes, Oeufs et Pain.<br>\u00c7a red\u00e9marre le jeudi 8 janvier, \u00e0 peu pr\u00e8s aux m\u00eame horaires, et au m\u00eame endroit.<\/p>\n\n\n\n<p>(Ne perdez pas de temps, avec tout ce qu&rsquo;il y a \u00e0 f\u00eater en cette fin d&rsquo;ann\u00e9e, on risque de vite oublier)<\/p>\n\n\n\n<hr class=\"wp-block-separator has-alpha-channel-opacity\"\/>\n\n\n\n<h2>Saison 2025<\/h2>\n\n\n\n<p><mark style=\"background-color:rgba(0, 0, 0, 0)\" class=\"has-inline-color has-vivid-cyan-blue-color\"><strong>04<b style=\"\">\/10<\/b><\/strong><b style=\"\">\/2025<\/b><\/mark><b> <\/b><strong><b>Semaine et f\u00eate<\/b> du D\u00e9veloppement Durable<\/strong><\/p>\n\n\n\n<p class=\"has-medium-font-size\">A Lisses, sur la place du Mail de l&rsquo;Ile -de-France, face \u00e0 l&rsquo;entr\u00e9e de la m\u00e9diath\u00e8que, nous serons pr\u00e9sent pour pr\u00e9senter notre association AMAP.<br>Passez nous voir !<\/p>\n\n\n\n<p><mark style=\"background-color:rgba(0, 0, 0, 0)\" class=\"has-inline-color has-vivid-cyan-blue-color\"><strong>06<b style=\"\">\/<\/b><\/strong><b style=\"\">09\/2025<\/b><\/mark><strong><b> F\u00eate<\/b> des Associations 2025<\/strong><\/p>\n\n\n\n<p>Merci \u00e0 tous les Lissois et ceux et celles des alentours, vous avez \u00e9t\u00e9 si nombreux autour de notre stand \u00e0 la F\u00eate des Associations de Lisses, ce samedi 6 septembre. <br>Par votre pr\u00e9sence et vos questions, nous avons appr\u00e9ci\u00e9 l&rsquo;int\u00e9r\u00eat que vous avez port\u00e9 \u00e0 notre engagement qu&rsquo;est celui des AMAP, encourageant \u00e0 \u00ab\u00a0consommer-local pour consommer mieux\u00a0\u00bb.<\/p>\n\n\n<div class=\"wp-block-image\">\n<figure class=\"aligncenter size-large is-resized\"><img decoding=\"async\" loading=\"lazy\" src=\"https:\/\/lepaniersaintfiacre.fr\/wp-content\/uploads\/2025\/10\/Photo_LPSF_FeteAsso2025-1024x576.jpg\" alt=\"\" class=\"wp-image-872\" width=\"642\" height=\"361\" srcset=\"https:\/\/lepaniersaintfiacre.fr\/wp-content\/uploads\/2025\/10\/Photo_LPSF_FeteAsso2025-1024x576.jpg 1024w, https:\/\/lepaniersaintfiacre.fr\/wp-content\/uploads\/2025\/10\/Photo_LPSF_FeteAsso2025-300x169.jpg 300w, https:\/\/lepaniersaintfiacre.fr\/wp-content\/uploads\/2025\/10\/Photo_LPSF_FeteAsso2025-768x432.jpg 768w, https:\/\/lepaniersaintfiacre.fr\/wp-content\/uploads\/2025\/10\/Photo_LPSF_FeteAsso2025-1536x864.jpg 1536w, https:\/\/lepaniersaintfiacre.fr\/wp-content\/uploads\/2025\/10\/Photo_LPSF_FeteAsso2025-960x540.jpg 960w, https:\/\/lepaniersaintfiacre.fr\/wp-content\/uploads\/2025\/10\/Photo_LPSF_FeteAsso2025.jpg 1600w\" sizes=\"(max-width: 642px) 100vw, 642px\" \/><\/figure><\/div>\n\n\n<p>Nous esp\u00e9rons \u00e9galement que la d\u00e9gustation de notre boulanger vous a plu (Merci \u00e0 J\u00e9r\u00f4me et Karen)<\/p>\n\n\n\n<p>Merci \u00e0 tous les adh\u00e9rents de l&rsquo;AMAP qui ont aid\u00e9s \u00e0 tenir ce stand, aux services municipaux pour les mises \u00e0 disposition.<\/p>\n\n\n\n<p><mark style=\"background-color:rgba(0, 0, 0, 0)\" class=\"has-inline-color has-vivid-cyan-blue-color\"><strong>04<b style=\"\">\/<\/b><\/strong><b style=\"\">09\/2025<\/b><\/mark><b> Reprise des livraisons Pains et Oeufs<\/b><\/p>\n\n\n\n<p>Les nouveaux contrats de second semestre 2025 pour les Oeufs et le Pain commencent aujourd&rsquo;hui.<br>Nouveaut\u00e9s : Le contrat Pain propose quelques produits en plus et vous donne la possibilit\u00e9 de varier votre s\u00e9lection \u00e0 chaque livraison.<\/p>\n\n\n\n<p>Les paniers de l\u00e9gumes, ont bien tourn\u00e9s cet \u00e9t\u00e9 :  <br>Grand merci \u00e0 <span style=\"text-decoration: underline;\">Pierre et Pascal de la ferme des Aunettes<\/span>, des<span style=\"text-decoration: underline;\"> agents de municipaux<\/span> et <span style=\"text-decoration: underline;\">aux adh\u00e9rents <\/span>en charge des distributions, pour leurs pr\u00e9sences et efficacit\u00e9s, car ce n&rsquo;\u00e9tait pas \u00e9vident. <\/p>\n\n\n\n<p>Une <strong>\u00ab\u00a0grande\u00a0\u00bb livraison ,<\/strong>avec tous nos produits, aura lieu le <strong>18 septembre<\/strong> prochain. <br>Il y en aura \u00e9galement une le <strong>16 octobre<\/strong> (sauf farines), et le <strong>13 novembre<\/strong>.<br>Passez nous voir <\/p>\n\n\n\n<p><span style=\"text-decoration: underline;\"><strong>Important <\/strong><\/span>: vous pouvez toujours vous inscrire sur des contrats de la p\u00e9riode en cours, en nous contactant (onglet contact)<\/p>\n\n\n\n<p><mark style=\"background-color:rgba(0, 0, 0, 0)\" class=\"has-inline-color has-vivid-cyan-blue-color\"><b style=\"\">27\/03\/2025<\/b><\/mark><b> Convocation pour l&rsquo;Assembl\u00e9e G\u00e9n\u00e9rale 2024<\/b> : le 10 Avril<\/p>\n\n\n\n<p class=\"has-medium-font-size\"><img decoding=\"async\" style=\"width: 40px;\" src=\"https:\/\/lepaniersaintfiacre.fr\/wp-content\/uploads\/2020\/01\/image0-1-1024x935.jpeg\" alt=\"\"> L&rsquo;Assembl\u00e9e G\u00e9n\u00e9rale de notre association <em>AMAP &#8211; Le Panier Saint Fiacre<\/em> se tiendra le<br>jeudi <strong>10 avril 2025<\/strong> <strong>\u00e0 partir de 19h00.<\/strong><\/p>\n\n\n\n<p>=&gt; Essayez de vous rendre disponible pour \u00eatre le plus nombreux possible. <\/p>\n\n\n\n<p><strong><mark style=\"background-color:rgba(0, 0, 0, 0)\" class=\"has-inline-color has-vivid-cyan-blue-color\">17\/03\/2025<\/mark> Grande distributions avec d\u00e9marrage des nouveaux contrats 2025<\/strong><\/p>\n\n\n\n<p>Les contrats des produits <strong>Farines<\/strong> et <strong>Volailles<\/strong> sont d\u00e9sormais pleinement actif, et ont connu leur premi\u00e8re distributions ce jeudi 13 mars, avec \u00e9galement la livraison de <strong>Plantes A&amp;M<\/strong> de Printemps du <em>Jardin du Cabri<\/em>.<\/p>\n\n\n\n<p> <strong><mark style=\"background-color:rgba(0, 0, 0, 0)\" class=\"has-inline-color has-vivid-cyan-blue-color\">20\/01\/2025<\/mark> Ouverture des contrats Fromages de ch\u00e8vre<\/strong><\/p>\n\n\n\n<p>Martine vous a pr\u00e9par\u00e9 les informations sur la ferme du Cabri Au Lait de S\u00e9bastien et Claire, pour cette ann\u00e9e, la la page <a href=\"https:\/\/lepaniersaintfiacre.fr\/index.php\/contrats\/contrat-fromages\/\" data-type=\"page\" data-id=\"99\">contrats Fromages<\/a>.<br>Vous pouvez aller dans AmapJ pour faire votre choix, sinon envoyez un email \u00e0 Martine : <a href=\"mailto:fromages@lepaniersaintfiacre.fr\">fromages@lepaniersaintfiacre.fr<\/a> <\/p>\n\n\n\n<p><strong><mark style=\"background-color:rgba(0, 0, 0, 0)\" class=\"has-inline-color has-vivid-cyan-blue-color\">03\/01\/2025<\/mark> Bonne Ann\u00e9e !!!!<\/strong><\/p>\n\n\n\n<div class=\"wp-block-media-text alignwide is-stacked-on-mobile\" style=\"grid-template-columns:43% auto\"><figure class=\"wp-block-media-text__media\"><img decoding=\"async\" loading=\"lazy\" width=\"508\" height=\"402\" src=\"https:\/\/lepaniersaintfiacre.fr\/wp-content\/uploads\/2025\/01\/2025-01-03-Publie-general.jpeg\" alt=\"\" class=\"wp-image-742 size-full\" srcset=\"https:\/\/lepaniersaintfiacre.fr\/wp-content\/uploads\/2025\/01\/2025-01-03-Publie-general.jpeg 508w, https:\/\/lepaniersaintfiacre.fr\/wp-content\/uploads\/2025\/01\/2025-01-03-Publie-general-300x237.jpeg 300w\" sizes=\"(max-width: 508px) 100vw, 508px\" \/><\/figure><div class=\"wp-block-media-text__content\">\n<p class=\"has-text-align-center has-medium-font-size\">Tous les membres du collectif de l&rsquo;AMAP Le Panier Saint Fiacre, vous souhaite une<br><strong><mark style=\"background-color:rgba(0, 0, 0, 0)\" class=\"has-inline-color has-luminous-vivid-amber-color\">TR\u00c8S BONNE ANN\u00c9E 2025<\/mark><\/strong><\/p>\n<\/div><\/div>\n\n\n\n<p class=\"has-medium-font-size\"><strong>Inscrivez-vous<\/strong> d&rsquo;ici le 09 janvier, pour profiter des <span style=\"text-decoration: underline;\">paniers de l\u00e9gumes<\/span>, des <span style=\"text-decoration: underline;\">\u0153ufs <\/span>ou des <span style=\"text-decoration: underline;\">pains au levain<\/span>, sur <strong><a href=\"https:\/\/lepaniersaintfiacre.fr\/index.php\/contrats\/amapj\/\" data-type=\"page\" data-id=\"561\">AmapJ<\/a><\/strong>, ou en nous <strong><a href=\"https:\/\/lepaniersaintfiacre.fr\/index.php\/contact\/\" data-type=\"page\" data-id=\"10\">contactant <\/a><\/strong>!<\/p>\n\n\n\n<p><strong><mark style=\"background-color:rgba(0, 0, 0, 0)\" class=\"has-inline-color has-vivid-cyan-blue-color\">26\/12\/2024<\/mark> Renouvellement adh\u00e9sion et 1er abonnements ouverts <\/strong><\/p>\n\n\n\n<p class=\"has-medium-font-size\"><div class=\"wrapper\"><div class=\"wrap\"><div class=\"cont\"><div class=\"left\"><article><div class=\"copy-emoji-box fixed\"><div class=\"data-box\">\ud83e\udd41<mark style=\"background-color:rgba(0, 0, 0, 0)\" class=\"has-inline-color has-vivid-green-cyan-color\"><strong>Oyez Oyez ! Les Inscriptions sont ouvertes pour l&rsquo;ann\u00e9e 2025 <\/strong><\/mark>.<\/div><\/div><\/article><\/div><\/div><\/div><\/div>Limite d&rsquo;inscription (contrat plein) : avant le <s>06 janvier<\/s> <strong>le 09 janvier.<\/strong> <\/p>\n\n\n\n<p>Vous pouvez renouveler votre adh\u00e9sion pour 2025, puis d\u00e9j\u00e0 vous inscrire \u00e0 des contrats parmi les suivants : <\/p>\n\n\n\n<ul>\n<li><a href=\"https:\/\/lepaniersaintfiacre.fr\/index.php\/contrats\/contrat-legumes-2025\/\" data-type=\"page\" data-id=\"576\">Les paniers de l\u00e9gumes <\/a>(NOUVEAU)<\/li>\n\n\n\n<li><a href=\"https:\/\/lepaniersaintfiacre.fr\/index.php\/contrats\/contrat-pain-2025\/\" data-type=\"page\" data-id=\"595\">Le pain &amp; brioche<\/a> (NOUVEAU) <\/li>\n\n\n\n<li><a href=\"https:\/\/lepaniersaintfiacre.fr\/index.php\/contrats\/contrat-oeufs\/\" data-type=\"page\" data-id=\"73\">Les \u0153ufs<\/a><\/li>\n<\/ul>\n\n\n\n<p>Pour cela, vous avez le choix d&rsquo;aller dans notre outil en ligne (AmapJ) : explications <a href=\"https:\/\/lepaniersaintfiacre.fr\/index.php\/contrats\/amapj\/\" data-type=\"page\" data-id=\"561\">ici<\/a>.<br>Ou si vous pr\u00e9f\u00e9rez, prendre contact par un email un avec un des membres de l&rsquo;AMAP : voir la page <a href=\"https:\/\/lepaniersaintfiacre.fr\/index.php\/contact\/\" data-type=\"page\" data-id=\"10\">Contact<\/a>.<\/p>\n\n\n\n<p>Bien s\u00fbr les autres produits arriveront bient\u00f4t, parmi : fromages de ch\u00e8vre, bouquets de fleurs, farines, volailles, plantes aromatiques et m\u00e9dicinales. Restez attentifs, nous vous enverront le signal \ud83d\ude09<\/p>\n\n\n\n<p>On vous attends &#8230;<\/p>\n\n\n\n<hr class=\"wp-block-separator has-alpha-channel-opacity\"\/>\n\n\n\n<p><strong><mark style=\"background-color:rgba(0, 0, 0, 0)\" class=\"has-inline-color has-vivid-cyan-blue-color\">12\/12\/2024<\/mark>La nouvelle saison arrive &#8230;<\/strong><\/p>\n\n\n\n<p>Nous sommes en train de vous pr\u00e9parer les nouveaux contrats paniers de <strong>l\u00e9gumes, \u0153ufs et pain<\/strong>, qui commenceront d\u00e8s le <strong>9 janvier 2025<\/strong>.<\/p>\n\n\n\n<h4>Les nouveaut\u00e9s<\/h4>\n\n\n\n<ul>\n<li>Un nouveau panier de l\u00e9gumes avec <strong>la Ferme de l&rsquo;Aunette, bas\u00e9e \u00e0 Ris Orangis<\/strong>. <br>En effet, Eug\u00e9nie arr\u00eate la culture des l\u00e9gumes, elle s&rsquo;\u00e9tait engag\u00e9e \u00e0 rester pour servir ses AMAPs jusqu&rsquo;\u00e0 ce dernier jeudi 19 d\u00e9cembre. Bonne continuation \u00e0 elle.<br>Nous avons d\u00e9j\u00e0 mis \u00e0 jour la page de pr\u00e9sentation du contrat \u00ab\u00a0<strong><a href=\"https:\/\/lepaniersaintfiacre.fr\/index.php\/contrat-legumes-2025\/\" data-type=\"page\" data-id=\"576\">L\u00e9gumes<\/a><\/strong>\u00ab\u00a0.<\/li>\n\n\n\n<li><strong>La Ferme des Hirondelles, \u00e0 Guillerval<\/strong>, nous propose des contrats de pains et brioche. Un processus 100% bio avec des pains au levain en Circuit-Court et une plus grande offre.<\/li>\n\n\n\n<li><strong>Ferme de la Folie<\/strong>, <strong>\u00e0 La Celle St Avant<\/strong> (37)&nbsp;: volailles<strong>, <\/strong>poulets, canards<\/li>\n\n\n\n<li>Une interface internet et smartphone pour notre AMAP, avec l&rsquo;<strong>outil<\/strong> <strong>AmapJ<\/strong> pour pr\u00e9parer vos engagements \u00e0 votre rythme, et am\u00e9liorer la communication entre tous. Lisez la nouvelle page consacr\u00e9e \u00e0 <a href=\"https:\/\/lepaniersaintfiacre.fr\/index.php\/contrats\/amapj\/\">AmapJ<\/a><\/li>\n<\/ul>\n\n\n\n<p>Un peu de patience \ud83d\ude09<\/p>\n\n\n\n<hr class=\"wp-block-separator has-alpha-channel-opacity\"\/>\n\n\n\n<h2>Saison 2024<\/h2>\n\n\n\n<p><strong><mark style=\"background-color:rgba(0, 0, 0, 0)\" class=\"has-inline-color has-vivid-cyan-blue-color\">19\/12\/2024<\/mark>Deni\u00e8res livraisons et fin de p\u00e9riode 2024<\/strong><\/p>\n\n\n\n<p>Nous avons cl\u00f4tur\u00e9 notre ann\u00e9e d&rsquo;adh\u00e9sion avec les derni\u00e8res livraisons de Paniers de l\u00e9gumes par Eug\u00e9nie et de Pains &amp; Brioch\u00e9s de Micka\u00ebl. <\/p>\n\n\n\n<p>Ceux-ci ne seront nos partenaires pour l&rsquo;ann\u00e9e suivante, puisque Eug\u00e9nie a d\u00e9cid\u00e9 d&rsquo;arr\u00eater, et pour Micka\u00ebl, il ne pouvait r\u00e9pondre aux souhaits des abonn\u00e9s et du collectif d&rsquo;une proposition plus compl\u00e8te et paysanne, m\u00eame si nous avons pu nous r\u00e9gal\u00e9 pendant ces 3 mois.  <br>Grand merci \u00e0 eux 2, et une bonne continuation  \u263a\ufe0f<\/p>\n\n\n\n<hr class=\"wp-block-separator has-alpha-channel-opacity\"\/>\n\n\n\n<p>Ce mois de d\u00e9cembre, <\/p>\n\n\n\n<p class=\"has-text-align-center\"><strong>&#8211; D\u00e9couverte : D\u00c9CORATIONS FLEURIES pour les f\u00eates de d\u00e9cembre &#8211;<\/strong><\/p>\n\n\n\n<p>Compositions , couronnes, vases, bouquets, \u00e0 base de fleurs s\u00e9ch\u00e9es, &#8230; notre fleuriste en AMAP, <em><strong>Le Chemin Des Fleurs<\/strong><\/em>, vous propose une ultime commande d\u00e9couverte avec elle, \u00e0 l&rsquo;occasion de ces f\u00eates de fin d&rsquo;ann\u00e9es, avant de la retrouver au mois de mars de l&rsquo;ann\u00e9e prochaine.<br>En cliquant <a href=\"https:\/\/lepaniersaintfiacre.fr\/wp-content\/uploads\/2024\/11\/CATALOGUE-NOEL-2024-LCDF.pdf\">ici<\/a>, vous acc\u00e8derez au catalogue des propositions.  <br>La Livraison est pr\u00e9vue pour le<strong> <span style=\"text-decoration: underline;\">jeudi 12 d\u00e9cembre 2024<\/span><\/strong><\/p>\n\n\n\n<p>Si vous souhaitez soutenir notre fleuriste, que sa proposition vous plait, contacter <a href=\"mailto:fleurs@lepaniersaintfiacre.fr\">Nicole<\/a> rapidement.<br>Le dernier jour pour fournir vos choix avec son financement est le <span style=\"text-decoration: underline;\"><strong>04 d\u00e9cembre 2024.<\/strong><\/span><br>Aussi, sachez que Nicole sera pr\u00e9sente ce jeudi \u00e0 la distribution du 28 novembre.<\/p>\n\n\n\n<p class=\"has-text-align-center\"><strong>&#8211; PLANTES AROMATIQUES &#8211;<\/strong><\/p>\n\n\n\n<p>Nouvelle proposition pour les plantes aromatiques<\/p>\n\n\n\n<p>Les demandes sont \u00e0 renvoyer \u00e0 V\u00e9ronique <strong>avant le 20 octobre 2024<\/strong><\/p>\n\n\n\n<p>Livraison pour le 14 novembre<\/p>\n\n\n\n<p class=\"has-text-align-center\"><strong>&#8211; ENQU\u00caTE CONTRAT PAIN &#8211;<\/strong><\/p>\n\n\n\n<p>Nous avons lanc\u00e9 une enqu\u00eate flash, jusqu&rsquo;au 25\/09, pour connaitre vos attentes pour notre nouveau contrat pain.<\/p>\n\n\n\n<p>Vous trouverez les informations sur la page associ\u00e9e : <a href=\"https:\/\/lepaniersaintfiacre.fr\/index.php\/page-d-exemple\/contrat-pain\/\" data-type=\"page\" data-id=\"366\">contrat pain<\/a> <\/p>\n\n\n\n<p class=\"has-text-align-center\"><strong>&#8211; D\u00c9GUSTATION &#8211;<\/strong><\/p>\n\n\n\n<p>Lors de la distribution de ce jeudi 12 septembre, autour des Fromages, farines et l\u00e9gumes, <br>Micka\u00ebl Quissac, boulanger \u00e0 Dammary-Les-Lys (77), viendra vous faire <strong>d\u00e9guster quelques-un de ses produits bio<\/strong>, qu&rsquo;il compte proposer en contrat avec notre AMAP, prochainement.<\/p>\n\n\n\n<ul>\n<li>Pain semi-complet aux graines, forme boule, 500grs<\/li>\n\n\n\n<li>Pain semi-complet aux graines, forme longue, 500grs<\/li>\n\n\n\n<li>Pain \u00e0 la farine de petite \u00e9peautre, 400grs<\/li>\n\n\n\n<li>Pain brioch\u00e9, 400grs <\/li>\n<\/ul>\n\n\n\n<p>Micka\u00ebl fournit d\u00e9j\u00e0 8 autres AMAP depuis 10ans. N&rsquo;h\u00e9sitez a venir discuter avec lui.<\/p>\n\n\n\n<p>Par ailleurs, vous aurez l&rsquo;occasion de rencontrer certains membres du collectif, et poser vos questions, ou m\u00eame initier un contrat.<\/p>\n\n\n\n<p>A jeudi alors  \ud83d\ude09 !?<br>(Au lieu distribution, voir en bas de cette page)<\/p>\n\n\n\n<hr class=\"wp-block-separator has-alpha-channel-opacity\"\/>\n\n\n\n<p class=\"has-text-align-center\"><strong>&#8211; F\u00caTE DES ASSOCIATIONS LISSES &#8211;<\/strong><\/p>\n\n\n\n<p>Ce Samedi 7 septembre 2024,  de 10h \u00e0 16h :<br>Retrouvez-nous \u00e0 <strong>la f\u00eate des associations<\/strong> de Lisses<br>Au stade St\u00e9phane Diagana. <br>Arr\u00eat bus 405 et 409 : \u00ab\u00a0Complexe Sportif\u00a0\u00bb<\/p>\n\n\n\n<p><a href=\"https:\/\/www.ville-lisses.fr\/evenement\/fete-des-associations-2\/\">Site de la ville<\/a><\/p>\n\n\n\n<p>Vous pourrez nous rencontrer, poser vos questions, <br>et aussi vous inscrire et vous abonner \u00e0 un panier. <\/p>\n\n\n\n<hr class=\"wp-block-separator has-alpha-channel-opacity\"\/>\n\n\n\n<p class=\"has-text-align-center\">&#8211; CONTRATS 2024 &#8211;<\/p>\n\n\n\n<p>Voici les contrats en de l&rsquo;Amap Le Panier Saint Fiacre sont renouvel\u00e9s pour 2024.<\/p>\n\n\n\n<p>Les contrats <a href=\"https:\/\/lepaniersaintfiacre.fr\/index.php\/page-d-exemple\/contrat-legumes\/\">Legumes<\/a>, <a href=\"https:\/\/lepaniersaintfiacre.fr\/index.php\/page-d-exemple\/contrat-farines\/\">Farines<\/a>, <a href=\"https:\/\/lepaniersaintfiacre.fr\/index.php\/page-d-exemple\/contrat-oeufs\/\">Oeufs<\/a>, <a href=\"https:\/\/lepaniersaintfiacre.fr\/index.php\/page-d-exemple\/contrat-volailles\/\">Volailles<\/a>, <a href=\"https:\/\/lepaniersaintfiacre.fr\/index.php\/page-d-exemple\/contrat-fromages\/\">Fromages <\/a>et <a href=\"https:\/\/lepaniersaintfiacre.fr\/index.php\/page-d-exemple\/contrat-fleurs\/\">Fleurs <\/a>de cette p\u00e9riode 2024 ont commenc\u00e9, et suivent leur cours jusqu&rsquo;\u00e0 la fin de l&rsquo;ann\u00e9e. Cliquer sur le lien pour avoir plus d&rsquo;informations et contacts. <\/p>\n\n\n\n<hr class=\"wp-block-separator has-css-opacity\"\/>\n\n\n\n<h2 id=\"lieu-de-distibution\">Lieu de distribution<\/h2>\n\n\n\n<p>Les distributions des contrats AMAP du Panier Saint Fiacre se d\u00e9roulent \u00e0 la Salle Cocteau, M\u00e9diath\u00e8que Colette, Mail de L&rsquo;Ile de France, 91090 Lisses. <br>Passez nous voir les jeudis soir, entre 18h et 19h ! <\/p>\n\n\n\n\n\n<figure class=\"wp-block-image\"><img alt=\"\"\/><\/figure>\n\n\n\n<figure class=\"wp-block-image\"><img alt=\"\"\/><\/figure>\n","protected":false},"excerpt":{"rendered":"<p>Saison 2026 15\/03\/2026 Encore nouveaut\u00e9 : le Miel d\u00e9barque \u00e0 notre AMAP \ud83d\udc1d D\u00e9but f\u00e9vrier, nous avons fait une d\u00e9gustation &hellip; <a href=\"https:\/\/lepaniersaintfiacre.fr\/\" class=\"more-link\">More <span class=\"screen-reader-text\">Actualit\u00e9s<\/span> <span class=\"meta-nav\">&rarr;<\/span><\/a><\/p>\n","protected":false},"author":1,"featured_media":103,"parent":0,"menu_order":0,"comment_status":"closed","ping_status":"closed","template":"","meta":[],"_links":{"self":[{"href":"https:\/\/lepaniersaintfiacre.fr\/index.php\/wp-json\/wp\/v2\/pages\/8"}],"collection":[{"href":"https:\/\/lepaniersaintfiacre.fr\/index.php\/wp-json\/wp\/v2\/pages"}],"about":[{"href":"https:\/\/lepaniersaintfiacre.fr\/index.php\/wp-json\/wp\/v2\/types\/page"}],"author":[{"embeddable":true,"href":"https:\/\/lepaniersaintfiacre.fr\/index.php\/wp-json\/wp\/v2\/users\/1"}],"replies":[{"embeddable":true,"href":"https:\/\/lepaniersaintfiacre.fr\/index.php\/wp-json\/wp\/v2\/comments?post=8"}],"version-history":[{"count":86,"href":"https:\/\/lepaniersaintfiacre.fr\/index.php\/wp-json\/wp\/v2\/pages\/8\/revisions"}],"predecessor-version":[{"id":1011,"href":"https:\/\/lepaniersaintfiacre.fr\/index.php\/wp-json\/wp\/v2\/pages\/8\/revisions\/1011"}],"wp:featuredmedia":[{"embeddable":true,"href":"https:\/\/lepaniersaintfiacre.fr\/index.php\/wp-json\/wp\/v2\/media\/103"}],"wp:attachment":[{"href":"https:\/\/lepaniersaintfiacre.fr\/index.php\/wp-json\/wp\/v2\/media?parent=8"}],"curies":[{"name":"wp","href":"https:\/\/api.w.org\/{rel}","templated":true}]}}