{"id":70,"date":"2020-01-30T14:23:38","date_gmt":"2020-01-30T13:23:38","guid":{"rendered":"http:\/\/lepaniersaintfiacre.fr\/?page_id=70"},"modified":"2024-12-03T22:05:25","modified_gmt":"2024-12-03T21:05:25","slug":"contrat-legumes","status":"publish","type":"page","link":"https:\/\/lepaniersaintfiacre.fr\/index.php\/contrats\/contrat-legumes\/","title":{"rendered":"Contrat L\u00e9gumes (Eug\u00e9nie)"},"content":{"rendered":"\n<p><strong>Mara\u00eecher<\/strong> :  Ferme d\u2019Eug\u00e9nie Aug\u00e9 &#8211; Larchant (77)<\/p>\n\n\n\n<p><strong>Les produits<\/strong> : l\u00e9gumes bio de saison<\/p>\n\n\n\n<p class=\"has-vivid-green-cyan-color has-text-color\">Le Calendrier : Distributions chaque jeudi, jusqu&rsquo;au 19 d\u00e9cembre 2024<\/p>\n\n\n\n<p><strong>R\u00e9f\u00e9rente<\/strong> : <a href=\"mailto:legumes@lepaniersaintfiacre.fr\">B\u00e9atrice Montessuit<\/a><\/p>\n\n\n\n<h4>LE PARCOURS D&rsquo;EUG\u00c9NIE &#8230; <\/h4>\n\n\n\n<div class=\"is-layout-flex wp-container-3 wp-block-columns\">\n<div class=\"is-layout-flow wp-block-column\" style=\"flex-basis:66.66%\"><\/div>\n\n\n\n<div class=\"is-layout-flow wp-block-column\" style=\"flex-basis:33.33%\">\n<figure class=\"wp-block-image size-large is-style-default\"><img decoding=\"async\" loading=\"lazy\" width=\"926\" height=\"925\" src=\"https:\/\/lepaniersaintfiacre.fr\/wp-content\/uploads\/2021\/02\/image-3.png\" alt=\"\" class=\"wp-image-276\" srcset=\"https:\/\/lepaniersaintfiacre.fr\/wp-content\/uploads\/2021\/02\/image-3.png 926w, https:\/\/lepaniersaintfiacre.fr\/wp-content\/uploads\/2021\/02\/image-3-300x300.png 300w, https:\/\/lepaniersaintfiacre.fr\/wp-content\/uploads\/2021\/02\/image-3-150x150.png 150w, https:\/\/lepaniersaintfiacre.fr\/wp-content\/uploads\/2021\/02\/image-3-768x767.png 768w\" sizes=\"(max-width: 926px) 100vw, 926px\" \/><\/figure>\n<\/div>\n<\/div>\n\n\n\n<div class=\"is-layout-flow wp-block-group\"><div class=\"wp-block-group__inner-container\">\n<div class=\"is-layout-flow wp-block-group\"><div class=\"wp-block-group__inner-container\">\n<div class=\"is-layout-flow wp-block-group\"><div class=\"wp-block-group__inner-container\">\n<p>Jeune femme dynamique, Eug\u00e9nie est horticultrice de formation. Pendant 7 ans elle a travaill\u00e9 dans ce m\u00eame secteur, en Bretagne, avant de se tourner vers la vente de lingerie. Lasse d\u2019\u00eatre enferm\u00e9e et de ne profiter que tr\u00e8s peu de son jardin potager, elle d\u00e9cide de retourner \u00e0 sa premi\u00e8re passion. Depuis longtemps elle souhaitait se reconvertir, voil\u00e0 qui est fait !  <\/p>\n<\/div><\/div>\n<\/div><\/div>\n<\/div><\/div>\n\n\n\n<div class=\"is-layout-flow wp-block-group\"><div class=\"wp-block-group__inner-container\">\n<p>Elle a d\u00e9but\u00e9 la cr\u00e9ation de son jardin bio&nbsp;&nbsp;avec deux Amaps pr\u00e8s de Paris en juin 2019,  au sein de l&rsquo;Amap de Lisses depuis le 3 juin 2020.<\/p>\n<\/div><\/div>\n\n\n\n<h4>POURQUOI \u00caTRE DEVENUE AMAPIENNE ?<\/h4>\n\n\n\n<p>Eug\u00e9nie est passionn\u00e9e de nature et tient \u00e0 produire en bio.<\/p>\n\n\n\n<h4>SON JARDIN BIO<\/h4>\n\n\n\n<p>Le jardin bio d\u2019Eug\u00e9nie est situ\u00e9 sur le chemin du Marais \u00e0 Larchant 77<\/p>\n\n\n\n<p>Elle dispose d\u2019un hectare 3 et travaille sur des all\u00e9es de 30 m\u00e8tres.<\/p>\n\n\n\n<p>Elle utilise des syst\u00e8mes d\u2019arrosage en goutte \u00e0 goutte ou en spinter, des graines de qualit\u00e9 (Voltz) et du fumier vieux de 5 ans pour nourrir le sol.<\/p>\n\n\n\n<p>Elle dispose  d\u2019un lieu de stockage<\/p>\n\n\n\n<p>Elle est enregistr\u00e9e sous le Label AB Ecocert.<\/p>\n\n\n\n<div class=\"is-layout-flex wp-container-12 wp-block-columns\">\n<div class=\"is-layout-flow wp-block-column\">\n<figure class=\"is-layout-flex wp-block-gallery-8 wp-block-gallery has-nested-images columns-default is-cropped\">\n<figure class=\"wp-block-image size-large\"><img decoding=\"async\" loading=\"lazy\" width=\"768\" height=\"1024\" src=\"https:\/\/lepaniersaintfiacre.fr\/wp-content\/uploads\/2021\/02\/IMG-20201125-WA0000-1-768x1024.jpg\" alt=\"\" class=\"wp-image-284\" srcset=\"https:\/\/lepaniersaintfiacre.fr\/wp-content\/uploads\/2021\/02\/IMG-20201125-WA0000-1-768x1024.jpg 768w, https:\/\/lepaniersaintfiacre.fr\/wp-content\/uploads\/2021\/02\/IMG-20201125-WA0000-1-225x300.jpg 225w, https:\/\/lepaniersaintfiacre.fr\/wp-content\/uploads\/2021\/02\/IMG-20201125-WA0000-1-1152x1536.jpg 1152w, https:\/\/lepaniersaintfiacre.fr\/wp-content\/uploads\/2021\/02\/IMG-20201125-WA0000-1.jpg 1200w\" sizes=\"(max-width: 768px) 100vw, 768px\" \/><\/figure>\n<figcaption class=\"blocks-gallery-caption wp-element-caption\">planche de navets<\/figcaption><\/figure>\n<\/div>\n\n\n\n<div class=\"is-layout-flow wp-block-column\"><\/div>\n<\/div>\n\n\n\n<h4><strong>COMPOSITION DES PANIERS<\/strong><\/h4>\n\n\n\n<p>\u00e9pinards, salades, aubergines, poivrons, tomates, courgettes, concombres, poireaux, carottes&#8230;<\/p>\n\n\n\n<p><strong>AUXQUELS S&rsquo;AJOUTENT<\/strong><\/p>\n\n\n\n<p>Melon, past\u00e8que, betteraves, oignons, choux, c\u00e8leri, patate douce, courges, persil, basilic, thym, coriandre, navet, fraises&#8230;<\/p>\n\n\n\n<p><strong>Vari\u00e9t\u00e9s&nbsp;:<\/strong><\/p>\n\n\n\n<p><strong><em>Carottes&nbsp;<\/em><\/strong>: orange, jaune<\/p>\n\n\n\n<p><strong><em>Choux&nbsp;<\/em><\/strong>: rave, blanc, violet<\/p>\n\n\n\n<p><strong><em>C\u00e8leri&nbsp;<\/em><\/strong>: branche, rave<\/p>\n\n\n\n<p><strong><em>Courgettes&nbsp;<\/em><\/strong>: jaune, verte, cylindrique,&#8230;<\/p>\n\n\n\n<p><strong><em>Courges&nbsp;<\/em><\/strong>: spaghettis, proven\u00e7ale, mini butternut, butternut . . .<\/p>\n\n\n\n<div class=\"is-layout-flex wp-container-15 wp-block-columns\">\n<div class=\"is-layout-flow wp-block-column\" style=\"flex-basis:33.33%\">\n<figure class=\"wp-block-image size-large is-style-default\"><img decoding=\"async\" loading=\"lazy\" width=\"1024\" height=\"768\" src=\"https:\/\/lepaniersaintfiacre.fr\/wp-content\/uploads\/2021\/02\/PXL_20201126_173251126-edited-1024x768.jpg\" alt=\"\" class=\"wp-image-278\" srcset=\"https:\/\/lepaniersaintfiacre.fr\/wp-content\/uploads\/2021\/02\/PXL_20201126_173251126-edited-1024x768.jpg 1024w, https:\/\/lepaniersaintfiacre.fr\/wp-content\/uploads\/2021\/02\/PXL_20201126_173251126-edited-300x225.jpg 300w, https:\/\/lepaniersaintfiacre.fr\/wp-content\/uploads\/2021\/02\/PXL_20201126_173251126-edited-768x576.jpg 768w, https:\/\/lepaniersaintfiacre.fr\/wp-content\/uploads\/2021\/02\/PXL_20201126_173251126-edited-1536x1152.jpg 1536w, https:\/\/lepaniersaintfiacre.fr\/wp-content\/uploads\/2021\/02\/PXL_20201126_173251126-edited-2048x1537.jpg 2048w\" sizes=\"(max-width: 1024px) 100vw, 1024px\" \/><figcaption class=\"wp-element-caption\">Courge Cacahu\u00e8te ou Galeuse<\/figcaption><\/figure>\n<\/div>\n\n\n\n<div class=\"is-layout-flow wp-block-column\" style=\"flex-basis:66.66%\"><\/div>\n<\/div>\n\n\n\n<p><strong><em>Tomates&nbsp;<\/em><\/strong>: lemon boy, rose de berne, coeur de boeuf, cindel, cookie (tomate cerise), noir de crim\u00e9e<\/p>\n\n\n\n<p><strong><em>Salade&nbsp;<\/em><\/strong>: batavia, feuilles de ch\u00eane, laitue<\/p>\n\n\n\n<p><strong><em>Navet&nbsp;<\/em><\/strong>: long, boule d\u2019or<\/p>\n\n\n\n<p class=\"has-text-align-left\">Pour assurer les distributions il est \u00e9tabli un planning de participation des adh\u00e9rents au contrat. S\u2019engager avec un contrat L\u00e9gumes, c\u2019est soutenir l\u2019activit\u00e9 mara\u00eech\u00e8re d\u2019Eug\u00e9nie et contribuer au d\u00e9veloppement du mara\u00eechage biologique de proximit\u00e9 en Ile de France.<\/p>\n\n\n\n<hr class=\"wp-block-separator has-alpha-channel-opacity\"\/>\n\n\n\n<p>Pour toute information ou pour initier un contrat, n&rsquo;h\u00e9sitez pas \u00e0 nous contacter par email : <br><a href=\"mailto:legumes@lepaniersaintfiacre.fr\">legumes@lepaniersaintfiacre.fr<\/a><\/p>\n","protected":false},"excerpt":{"rendered":"<p>Mara\u00eecher : Ferme d\u2019Eug\u00e9nie Aug\u00e9 &#8211; Larchant (77) Les produits : l\u00e9gumes bio de saison Le Calendrier : Distributions chaque &hellip; <a href=\"https:\/\/lepaniersaintfiacre.fr\/index.php\/contrats\/contrat-legumes\/\" class=\"more-link\">More <span class=\"screen-reader-text\">Contrat L\u00e9gumes (Eug\u00e9nie)<\/span> <span class=\"meta-nav\">&rarr;<\/span><\/a><\/p>\n","protected":false},"author":1,"featured_media":0,"parent":2,"menu_order":0,"comment_status":"closed","ping_status":"closed","template":"","meta":[],"_links":{"self":[{"href":"https:\/\/lepaniersaintfiacre.fr\/index.php\/wp-json\/wp\/v2\/pages\/70"}],"collection":[{"href":"https:\/\/lepaniersaintfiacre.fr\/index.php\/wp-json\/wp\/v2\/pages"}],"about":[{"href":"https:\/\/lepaniersaintfiacre.fr\/index.php\/wp-json\/wp\/v2\/types\/page"}],"author":[{"embeddable":true,"href":"https:\/\/lepaniersaintfiacre.fr\/index.php\/wp-json\/wp\/v2\/users\/1"}],"replies":[{"embeddable":true,"href":"https:\/\/lepaniersaintfiacre.fr\/index.php\/wp-json\/wp\/v2\/comments?post=70"}],"version-history":[{"count":18,"href":"https:\/\/lepaniersaintfiacre.fr\/index.php\/wp-json\/wp\/v2\/pages\/70\/revisions"}],"predecessor-version":[{"id":716,"href":"https:\/\/lepaniersaintfiacre.fr\/index.php\/wp-json\/wp\/v2\/pages\/70\/revisions\/716"}],"up":[{"embeddable":true,"href":"https:\/\/lepaniersaintfiacre.fr\/index.php\/wp-json\/wp\/v2\/pages\/2"}],"wp:attachment":[{"href":"https:\/\/lepaniersaintfiacre.fr\/index.php\/wp-json\/wp\/v2\/media?parent=70"}],"curies":[{"name":"wp","href":"https:\/\/api.w.org\/{rel}","templated":true}]}}