{"id":65,"date":"2020-01-30T14:22:55","date_gmt":"2020-01-30T13:22:55","guid":{"rendered":"http:\/\/lepaniersaintfiacre.fr\/?page_id=65"},"modified":"2026-03-30T18:07:40","modified_gmt":"2026-03-30T16:07:40","slug":"contrat-fleurs","status":"publish","type":"page","link":"https:\/\/lepaniersaintfiacre.fr\/index.php\/contrats\/contrat-fleurs\/","title":{"rendered":"Contrat Fleurs"},"content":{"rendered":"\n<p><strong>Horticultrice<\/strong> : Carole BATAILLARD<br><strong>Producteur <\/strong>:  Le Chemin Des Fleurs &#8211; 22 rue de la Mare &#8211; 91630 Avrainville<\/p>\n\n\n\n<p><strong>Produits :<\/strong> Bouquets de fleurs coup\u00e9es<\/p>\n\n\n\n<p class=\"has-vivid-green-cyan-color has-text-color\">R\u00e9f\u00e9rente : <a href=\"mailto:fleurs@lepaniersaintfiacre.fr\">Nicolle GOBBI<\/a><\/p>\n\n\n\n<p><strong>Le calendrier <\/strong>: ~1 distribution par mois, d&rsquo;Avril \u00e0 Fin Octobre<\/p>\n\n\n\n<p><\/p>\n\n\n\n<p>Carole nous propose 4 types de bouquet diff\u00e9rents. Ils sont frais et cultiv\u00e9es en agriculture biologique.<br>En contrat AMAP, Carole nous fait profiter d&rsquo;un tarif pr\u00e9f\u00e9rentiel.<\/p>\n\n\n\n<figure class=\"wp-block-table is-style-regular\"><table><tbody><tr><td class=\"has-text-align-left\" data-align=\"left\"><img decoding=\"async\" loading=\"lazy\" width=\"480\" height=\"640\" class=\"wp-image-529\" style=\"width: 150px;\" src=\"https:\/\/lepaniersaintfiacre.fr\/wp-content\/uploads\/2024\/09\/Roses_13_2.jpeg\" alt=\"\" srcset=\"https:\/\/lepaniersaintfiacre.fr\/wp-content\/uploads\/2024\/09\/Roses_13_2.jpeg 480w, https:\/\/lepaniersaintfiacre.fr\/wp-content\/uploads\/2024\/09\/Roses_13_2-225x300.jpeg 225w\" sizes=\"(max-width: 480px) 100vw, 480px\" \/>  Bouquet de rose<\/td><td><img decoding=\"async\" loading=\"lazy\" width=\"480\" height=\"640\" class=\"wp-image-527\" style=\"width: 150px;\" src=\"https:\/\/lepaniersaintfiacre.fr\/wp-content\/uploads\/2024\/09\/Champetre_10.jpeg\" alt=\"\" srcset=\"https:\/\/lepaniersaintfiacre.fr\/wp-content\/uploads\/2024\/09\/Champetre_10.jpeg 480w, https:\/\/lepaniersaintfiacre.fr\/wp-content\/uploads\/2024\/09\/Champetre_10-225x300.jpeg 225w\" sizes=\"(max-width: 480px) 100vw, 480px\" \/>  Bouquet champ\u00eatre<\/td><\/tr><tr><td class=\"has-text-align-left\" data-align=\"left\"><img decoding=\"async\" loading=\"lazy\" width=\"480\" height=\"640\" class=\"wp-image-528\" style=\"width: 150px;\" src=\"https:\/\/lepaniersaintfiacre.fr\/wp-content\/uploads\/2024\/09\/PetitBouquet_15.jpeg\" alt=\"\" srcset=\"https:\/\/lepaniersaintfiacre.fr\/wp-content\/uploads\/2024\/09\/PetitBouquet_15.jpeg 480w, https:\/\/lepaniersaintfiacre.fr\/wp-content\/uploads\/2024\/09\/PetitBouquet_15-225x300.jpeg 225w\" sizes=\"(max-width: 480px) 100vw, 480px\" \/>  Petit bouquet<\/td><td> <img decoding=\"async\" loading=\"lazy\" width=\"1920\" height=\"2560\" class=\"wp-image-530\" style=\"width: 150px;\" src=\"https:\/\/lepaniersaintfiacre.fr\/wp-content\/uploads\/2024\/09\/IMG_2017-scaled.jpg\" alt=\"\" srcset=\"https:\/\/lepaniersaintfiacre.fr\/wp-content\/uploads\/2024\/09\/IMG_2017-scaled.jpg 1920w, https:\/\/lepaniersaintfiacre.fr\/wp-content\/uploads\/2024\/09\/IMG_2017-225x300.jpg 225w, https:\/\/lepaniersaintfiacre.fr\/wp-content\/uploads\/2024\/09\/IMG_2017-768x1024.jpg 768w, https:\/\/lepaniersaintfiacre.fr\/wp-content\/uploads\/2024\/09\/IMG_2017-1152x1536.jpg 1152w, https:\/\/lepaniersaintfiacre.fr\/wp-content\/uploads\/2024\/09\/IMG_2017-1536x2048.jpg 1536w\" sizes=\"(max-width: 1920px) 100vw, 1920px\" \/> Grand bouquet<\/td><\/tr><\/tbody><\/table><\/figure>\n\n\n\n<hr class=\"wp-block-separator has-alpha-channel-opacity\"\/>\n\n\n\n<p>Pour d\u00e9marrer un contrat fleurs ou simplement pour des questions, <br>contacter nous par email : <a href=\"mailto:fleurs@lepaniersaintfiacre.fr\">fleurs@lepaniersaintfiacre.fr<\/a><\/p>\n\n\n\n<p><strong>Respirer sans mod\u00e9ration&nbsp;!<\/strong><\/p>\n\n\n\n<p><\/p>\n","protected":false},"excerpt":{"rendered":"<p>Horticultrice : Carole BATAILLARDProducteur : Le Chemin Des Fleurs &#8211; 22 rue de la Mare &#8211; 91630 Avrainville Produits : &hellip; <a href=\"https:\/\/lepaniersaintfiacre.fr\/index.php\/contrats\/contrat-fleurs\/\" class=\"more-link\">More <span class=\"screen-reader-text\">Contrat Fleurs<\/span> <span class=\"meta-nav\">&rarr;<\/span><\/a><\/p>\n","protected":false},"author":1,"featured_media":0,"parent":2,"menu_order":0,"comment_status":"closed","ping_status":"closed","template":"","meta":[],"_links":{"self":[{"href":"https:\/\/lepaniersaintfiacre.fr\/index.php\/wp-json\/wp\/v2\/pages\/65"}],"collection":[{"href":"https:\/\/lepaniersaintfiacre.fr\/index.php\/wp-json\/wp\/v2\/pages"}],"about":[{"href":"https:\/\/lepaniersaintfiacre.fr\/index.php\/wp-json\/wp\/v2\/types\/page"}],"author":[{"embeddable":true,"href":"https:\/\/lepaniersaintfiacre.fr\/index.php\/wp-json\/wp\/v2\/users\/1"}],"replies":[{"embeddable":true,"href":"https:\/\/lepaniersaintfiacre.fr\/index.php\/wp-json\/wp\/v2\/comments?post=65"}],"version-history":[{"count":15,"href":"https:\/\/lepaniersaintfiacre.fr\/index.php\/wp-json\/wp\/v2\/pages\/65\/revisions"}],"predecessor-version":[{"id":1013,"href":"https:\/\/lepaniersaintfiacre.fr\/index.php\/wp-json\/wp\/v2\/pages\/65\/revisions\/1013"}],"up":[{"embeddable":true,"href":"https:\/\/lepaniersaintfiacre.fr\/index.php\/wp-json\/wp\/v2\/pages\/2"}],"wp:attachment":[{"href":"https:\/\/lepaniersaintfiacre.fr\/index.php\/wp-json\/wp\/v2\/media?parent=65"}],"curies":[{"name":"wp","href":"https:\/\/api.w.org\/{rel}","templated":true}]}}