{"id":63,"date":"2020-01-30T14:22:46","date_gmt":"2020-01-30T13:22:46","guid":{"rendered":"http:\/\/lepaniersaintfiacre.fr\/?page_id=63"},"modified":"2025-12-10T19:56:45","modified_gmt":"2025-12-10T18:56:45","slug":"contrat-farines","status":"publish","type":"page","link":"https:\/\/lepaniersaintfiacre.fr\/index.php\/contrats\/contrat-farines\/","title":{"rendered":"Contrat Farines"},"content":{"rendered":"\n<figure class=\"wp-block-image size-full is-resized\"><img decoding=\"async\" loading=\"lazy\" src=\"https:\/\/lepaniersaintfiacre.fr\/wp-content\/uploads\/2025\/01\/moulin-farines-bio-77-banniere-matignon.gif\" alt=\"\" class=\"wp-image-773\" width=\"796\" height=\"181\"\/><\/figure>\n\n\n\n<p class=\"has-black-color has-text-color\"><strong><mark style=\"background-color:rgba(0, 0, 0, 0)\" class=\"has-inline-color has-vivid-cyan-blue-color\">Le producteur <\/mark>:<\/strong>   <strong>Gilles Matignon <\/strong><\/p>\n\n\n\n<p><strong>Artisan meunier<\/strong> en Ile de France depuis 4 g\u00e9n\u00e9rations, il d\u00e9veloppe des partenariats agriculteur-meunier qui permettent une r\u00e9elle identification et localisation pr\u00e9cise de la provenance des mati\u00e8res premi\u00e8res mises en \u0153uvre.<\/p>\n\n\n\n<p>Il participe au d\u00e9veloppement \u00e9quilibr\u00e9 de l\u2019\u00e9conomie locale.<\/p>\n\n\n\n<p><strong><mark style=\"background-color:rgba(0, 0, 0, 0)\" class=\"has-inline-color has-vivid-cyan-blue-color\">Le moulin <\/mark>:<\/strong>  &#8211; L<strong>e Moulin des Gauthiers<\/strong> -77570 Ch\u00e2teau Landon<\/p>\n\n\n\n<p><mark style=\"background-color:rgba(0, 0, 0, 0)\" class=\"has-inline-color has-vivid-cyan-blue-color\"><strong>Les produits<\/strong> <\/mark>:  Farines, graines et p\u00e2tes<\/p>\n\n\n\n<p class=\"has-vivid-cyan-blue-color has-text-color\">R\u00e9f\u00e9rente : <a href=\"mailto:farine@lepaniersaintfiacre.fr\">St\u00e9phanie Kobisch<\/a><\/p>\n\n\n\n<figure class=\"wp-block-image size-full\"><img decoding=\"async\" loading=\"lazy\" width=\"810\" height=\"222\" src=\"https:\/\/lepaniersaintfiacre.fr\/wp-content\/uploads\/2025\/01\/moulin-farines-bio-77-moulin3.jpeg\" alt=\"\" class=\"wp-image-776\" srcset=\"https:\/\/lepaniersaintfiacre.fr\/wp-content\/uploads\/2025\/01\/moulin-farines-bio-77-moulin3.jpeg 810w, https:\/\/lepaniersaintfiacre.fr\/wp-content\/uploads\/2025\/01\/moulin-farines-bio-77-moulin3-300x82.jpeg 300w, https:\/\/lepaniersaintfiacre.fr\/wp-content\/uploads\/2025\/01\/moulin-farines-bio-77-moulin3-768x210.jpeg 768w\" sizes=\"(max-width: 810px) 100vw, 810px\" \/><\/figure>\n\n\n\n<h2>Contrat<\/h2>\n\n\n\n<pre align=\"center\" class=\"wp-block-preformatted\">--- Mise \u00e0 jour pour 2026 \u00e0 venir :p ---<\/pre>\n\n\n\n<p><strong><mark style=\"background-color:#7bdcb5\" class=\"has-inline-color has-white-color\">Les inscriptions sont ouvertes.<\/mark><\/strong><br>La limite de date pour l&rsquo;enregistrement de vos choix : le <span style=\"text-decoration: underline;\"><strong>10 f\u00e9vrier 2025<\/strong><\/span>. Cela permet que les commandes puissent \u00eatre r\u00e9alis\u00e9es \u00e0 temps , pour un contrat complet.<\/p>\n\n\n\n<p><strong>Contrat en cours de p\u00e9riode <\/strong>: Au del\u00e0 de la date ci-dessus, notre meunier accepte des nouveaux contrats. Aussi, vous pouvez vous inscrire d\u00e8s lors que vous validez votre contrat au moins 1 semaine avant la date de la prochaine livraison.<br>En compl\u00e9ment, veuillez avertir le r\u00e9f\u00e9rent par un email, de la r\u00e9alisation de votre contrat (voir contact)<\/p>\n\n\n\n<p class=\"has-vivid-green-cyan-color has-text-color\"><strong>Le calendrier plein : <\/strong><mark style=\"background-color:rgba(0, 0, 0, 0)\" class=\"has-inline-color has-black-color\">5 distributions par an<\/mark><\/p>\n\n\n\n<p><strong>1\u00e8re livraison :  jeudi 13 f\u00e9vrier 2025<\/strong><br>Puis les jeudis <strong>10 avril, 12 juin, 18 septembre <\/strong>et <strong>13 novembre.<\/strong><\/p>\n\n\n\n<h2>Produits<\/h2>\n\n\n\n<p>Gilles vous propose une grande vari\u00e9t\u00e9 de produits dans diff\u00e9rents conditionnements<\/p>\n\n\n\n<p>Les prix sont disponibles dans <a href=\"https:\/\/lepaniersaintfiacre.fr\/index.php\/contrats\/amapj\/\" data-type=\"page\" data-id=\"561\">AmapJ<\/a>, pendant votre inscription au contrat.<\/p>\n\n\n\n<p><strong>Type Farine<\/strong><\/p>\n\n\n\n<figure class=\"wp-block-table is-style-stripes\"><table><tbody><tr><td><strong>Nom produit<\/strong><\/td><td><strong>Conditionnement<\/strong><\/td><td><\/td><\/tr><tr><td>Farine BIOMEGA3 (riche en om\u00e9ga3), bio<\/td><td>En sac de 1, 2 ou 5Kg<\/td><td><\/td><\/tr><tr><td>Farine d&rsquo;engrain (petit \u00e9peautre) T110, bio<\/td><td>En sac de 1, 2 ou 5Kg<\/td><td><\/td><\/tr><tr><td>Farine d&rsquo;engrain (petit \u00e9peautre) T150, bio<\/td><td>En sac de 1, 2 ou 5Kg<\/td><td><\/td><\/tr><tr><td>Farine d&rsquo;engrain (petit \u00e9peautre) T70, bio<\/td><td>En sac de 1, 2 ou 5Kg<\/td><td><\/td><\/tr><tr><td>Farine d&rsquo;\u00e9peautre T110, bio<\/td><td>En sac de 2 ou 5Kg<\/td><td><\/td><\/tr><tr><td>Farine d&rsquo;\u00e9peautre T150, bio<\/td><td>En sac de 2 ou 5Kg<\/td><td><\/td><\/tr><tr><td>Farine d&rsquo;\u00e9peautre T70, bio<\/td><td>En sac de 2 ou 5Kg<\/td><td><\/td><\/tr><tr><td>Farine de Lin, bio<\/td><td>sachet 500g<\/td><td><\/td><\/tr><tr><td>Farine de Ma\u00efs T150, bio<\/td><td>En sac de 2 ou 5Kg<\/td><td><\/td><\/tr><tr><td>Farine de bl\u00e9 (T110), bio<\/td><td>En sac de 2 ou 5Kg<\/td><td><\/td><\/tr><tr><td>Farine de bl\u00e9 (T150), bio<\/td><td>En sac de 2 ou 5Kg<\/td><td><\/td><\/tr><tr><td>Farine de bl\u00e9 (T65), bio<\/td><td>En sac de 2 ou 5Kg<\/td><td><\/td><\/tr><tr><td>Farine de bl\u00e9 (T80), bio<\/td><td>En sac de 2 ou 5Kg<\/td><td><\/td><\/tr><tr><td>Farine de bl\u00e9 Khorasan T150, bio<\/td><td>En sac de 1, 2 ou 5Kg<\/td><td><\/td><\/tr><tr><td>Farine de bl\u00e9 la g\u00e2tinaise T 65, non bio<\/td><td>En sac de 2 ou 5Kg<\/td><td><\/td><\/tr><tr><td>Farine de bl\u00e9 la g\u00e2tinette T65, non bio<\/td><td>En sac de 2 ou 5Kg<\/td><td><\/td><\/tr><tr><td>Farine de bl\u00e9 p\u00e2tissi\u00e8re T55, bio<\/td><td>En sac de 2 ou 5Kg<\/td><td><\/td><\/tr><tr><td>Farine de bl\u00e9s Paysans T110, bio<\/td><td>En sac de 1, 2 ou 5Kg<\/td><td><\/td><\/tr><tr><td>Farine de bl\u00e9s Paysans T150, bio<\/td><td>En sac de 1, 2 ou 5Kg<\/td><td><\/td><\/tr><tr><td>Farine de bl\u00e9s Paysans T65, bio<\/td><td>En sac de 1, 2 ou 5Kg<\/td><td><\/td><\/tr><tr><td>Farine de bl\u00e9s Paysans T80, bio<\/td><td>En sac de 1, 2 ou 5Kg<\/td><td><\/td><\/tr><tr><td>Farine de ch\u00e2taigne, bio<\/td><td>sachet 500g<\/td><td><\/td><\/tr><tr><td>Farine de ma\u00efs T150, bio<\/td><td>sachet 500g<\/td><td><\/td><\/tr><tr><td>Farine de pois chiche, bio<\/td><td>sachet 500g<\/td><td><\/td><\/tr><tr><td>Farine de riz, non bio<\/td><td>sac de 500g ou 2Kg<\/td><td><\/td><\/tr><tr><td>Farine de sarrasin T130, bio<\/td><td>sac de 1 ou 5Kg<\/td><td><\/td><\/tr><tr><td>Farine de seigle T85, bio<\/td><td>sac de 2 ou 5Kg<\/td><td><\/td><\/tr><tr><td>Farine d\u2019avoine, bio<\/td><td>sachet 500g<\/td><td><\/td><\/tr><\/tbody><\/table><\/figure>\n\n\n\n<p><strong>Type M\u00e9langes de Farines <\/strong><\/p>\n\n\n\n<figure class=\"wp-block-table is-style-stripes\"><table><tbody><tr><td><strong>Nom Produit<\/strong><\/td><td><strong>Conditionnement<\/strong><\/td><td><\/td><\/tr><tr><td>Mixe Brioche beurre, non bio<\/td><td>sac de 2 ou 5Kg<\/td><td><\/td><\/tr><tr><td>Mixe CAMPAGNE (avec farine et levain de seigle), bio<\/td><td>sac de 2 ou 5Kg<\/td><td><\/td><\/tr><tr><td>Mixe Ch\u00e2taigne, non bio<\/td><td>sac de 2 ou 5Kg<\/td><td><\/td><\/tr><tr><td>Mixe FORESTIER, bio&nbsp;<\/td><td>sac de 2 ou 5Kg<\/td><td><\/td><\/tr><tr><td>Mixe G\u00e2ti-Lin, non bio&nbsp;<\/td><td>sac de 2 ou 5Kg<\/td><td><\/td><\/tr><tr><td>Mixe G\u00e2ti-graines, non bio<\/td><td>sac de 2 ou 5Kg<\/td><td><\/td><\/tr><tr><td>Mixe G\u00e2tiniou, non bio<\/td><td>sac de 2 ou 5Kg<\/td><td><\/td><\/tr><tr><td>Mixe Muesli, non bio<\/td><td>sac de 2 ou 5Kg<\/td><td><\/td><\/tr><tr><td>Mixe Viennois Beurre, non bio<\/td><td>sac de 2 ou 5Kg<\/td><td><\/td><\/tr><tr><td>Mixe pain de Seigle, non bio<\/td><td>sac de 2 ou 5Kg<\/td><td><\/td><\/tr><tr><td>Mixe pain du t\u00e9m\u00e9raire, non bio<\/td><td>sac de 2 ou 5Kg<\/td><td><\/td><\/tr><tr><td>M\u00e9lange sp\u00e9cial cr\u00eapes, bio<\/td><td>sachet 800g<\/td><td><\/td><\/tr><\/tbody><\/table><\/figure>\n\n\n\n<p><strong>Type Boisson<\/strong><\/p>\n\n\n\n<figure class=\"wp-block-table is-style-stripes\"><table><tbody><tr><td><strong>Nom Produit<\/strong><\/td><td><strong>Conditionnement<\/strong><\/td><td><\/td><\/tr><tr><td>Bi\u00e8re La G\u00e2tine ambr\u00e9e, non bio<\/td><td>pack de 3, en 33 ou 75cl<\/td><td><\/td><\/tr><tr><td>Bi\u00e8re La G\u00e2tine blanche, non bio<\/td><td>pack de 3, en 33 ou 75cl<\/td><td><\/td><\/tr><tr><td>Bi\u00e8re La G\u00e2tine blonde, non bio<\/td><td>pack de 3, en 33 ou 75cl<\/td><td><\/td><\/tr><\/tbody><\/table><\/figure>\n\n\n\n<p><strong>Type Graines et fruits secs<\/strong><\/p>\n\n\n\n<figure class=\"wp-block-table is-style-stripes\"><table><tbody><tr><td><strong>Nom Produit<\/strong><\/td><td><strong>Conditionnement<\/strong><\/td><td><\/td><\/tr><tr><td>Abricots s\u00e9ch\u00e9s, bio<\/td><td>500g<\/td><td><\/td><\/tr><tr><td>Amandes en poudre<\/td><td>500g<\/td><td><\/td><\/tr><tr><td>Amandes \u00e9ffil\u00e9es<\/td><td>500g<\/td><td><\/td><\/tr><tr><td>Ananas s\u00e9ch\u00e9s, bio<\/td><td>500g<\/td><td><\/td><\/tr><tr><td>Cranberries, bio<\/td><td>500g<\/td><td><\/td><\/tr><tr><td>Figues s\u00e9ch\u00e9es, bio<\/td><td>500g<\/td><td><\/td><\/tr><tr><td>Gingembre s\u00e9ch\u00e9, bio<\/td><td>sachet de 700g<\/td><td><\/td><\/tr><tr><td>Graines de courge, bio<\/td><td>sachet de 1,5g<\/td><td><\/td><\/tr><tr><td>Graines de lin, bio<\/td><td>500g<\/td><td><\/td><\/tr><tr><td>Graines de millet, bio<\/td><td>500g<\/td><td><\/td><\/tr><tr><td>Graines de pavot bleu, bio<\/td><td>500g<\/td><td><\/td><\/tr><tr><td>Graines de petit \u00e9peautre, bio<\/td><td>sachet de 1Kg<\/td><td><\/td><\/tr><tr><td>Graines de pois chiche, bio<\/td><td>500g<\/td><td><\/td><\/tr><tr><td>Graines de quinoa, bio<\/td><td>500g<\/td><td><\/td><\/tr><tr><td>Graines de sarasin, bio<\/td><td>500g<\/td><td><\/td><\/tr><tr><td>Graines de s\u00e9same, bio<\/td><td>500g<\/td><td><\/td><\/tr><tr><td>Graines de tournesol, bio<\/td><td>500g<\/td><td><\/td><\/tr><tr><td>Lentilles Vertes bio<\/td><td>500g<\/td><td><\/td><\/tr><tr><td>Myrtilles s\u00e9ch\u00e9es, non bio<\/td><td>250g<\/td><td><\/td><\/tr><tr><td>M\u00e9lange 6 Graines, bio<\/td><td>sac de  500g, 1, 2 ou 5Kg<\/td><td><\/td><\/tr><tr><td>M\u00e9lange 8 fruits, non bio<\/td><td>300g<\/td><td><\/td><\/tr><\/tbody><\/table><\/figure>\n\n\n\n<p><strong>Types P\u00e2tes et C\u00e9r\u00e9ales<\/strong><\/p>\n\n\n\n<figure class=\"wp-block-table is-style-stripes\"><table><tbody><tr><td><strong>Nom Produit<\/strong><\/td><td><strong>Conditionnement<\/strong><\/td><td><\/td><\/tr><tr><td>P\u00e2tes compl\u00e8tes tractions, bio<\/td><td>250g<\/td><td><\/td><\/tr><tr><td>P\u00e2tes de Petit \u00c9peautre, bio<\/td><td>250g<\/td><td><\/td><\/tr><tr><td>P\u00e2tes de lentilles vertes compl\u00e8tes spirales, bio<\/td><td>250g<\/td><td><\/td><\/tr><tr><td>P\u00e2tes \u00e0 cr\u00eate, bio<\/td><td>250g<\/td><td><\/td><\/tr><tr><td>Semoule de bl\u00e9 dur compl\u00e8te(pour p\u00e2tes), bio<\/td><td>sac de 1 ou 2Kg<\/td><td><\/td><\/tr><tr><td>Son de bl\u00e9, bio<\/td><td>sachet de 800g<\/td><td><\/td><\/tr><tr><td>Son d\u2019avoine<\/td><td>sachet de 700g<\/td><td><\/td><\/tr><tr><td>Son d\u2019avoine, bio<\/td><td>sachet de 1,5g<\/td><td><\/td><\/tr><tr><td>1000 pates, bio<\/td><td>250g<\/td><td><\/td><\/tr><tr><td>Accropates, bio<\/td><td>250g<\/td><td><\/td><\/tr><\/tbody><\/table><\/figure>\n\n\n\n<p>Autres<\/p>\n\n\n\n<figure class=\"wp-block-table is-style-stripes\"><table><tbody><tr><td><strong>Nom Produit<\/strong><\/td><td><strong>Conditionnement<\/strong><\/td><td><\/td><\/tr><tr><td>Miel de printemps, non bio<\/td><td>500g ou 1Kg<\/td><td><\/td><\/tr><tr><td>Levain de seigle d\u00e9sactiv\u00e9, bio<\/td><td>500g<\/td><td><\/td><\/tr><tr><td>Levure s\u00e8che boulangerie, non bio<\/td><td>500g<\/td><td><\/td><\/tr><tr><td>Noix de coco en poudre, non bio<\/td><td>500g<\/td><td><\/td><\/tr><\/tbody><\/table><\/figure>\n\n\n\n<div class=\"wp-block-cover is-light\" style=\"min-height:110px\"><span aria-hidden=\"true\" class=\"wp-block-cover__background has-background-dim\"><\/span><img decoding=\"async\" loading=\"lazy\" width=\"567\" height=\"425\" class=\"wp-block-cover__image-background wp-image-777\" alt=\"\" src=\"https:\/\/lepaniersaintfiacre.fr\/wp-content\/uploads\/2025\/01\/moulin-farines-bio-77-boutique3.jpeg\" data-object-fit=\"cover\" srcset=\"https:\/\/lepaniersaintfiacre.fr\/wp-content\/uploads\/2025\/01\/moulin-farines-bio-77-boutique3.jpeg 567w, https:\/\/lepaniersaintfiacre.fr\/wp-content\/uploads\/2025\/01\/moulin-farines-bio-77-boutique3-300x225.jpeg 300w\" sizes=\"(max-width: 567px) 100vw, 567px\" \/><div class=\"wp-block-cover__inner-container\">\n<p class=\"has-text-align-center has-large-font-size\"><\/p>\n<\/div><\/div>\n\n\n\n<h2>A Propos du moulin<\/h2>\n\n\n\n<p>Sa client\u00e8le est la boulangerie artisanale R\u00e9gnale (revendeur dans le 45 et le 77) et quelques AMAPs.<\/p>\n\n\n\n<p>Depuis plusieurs ann\u00e9es, Gilles Matignon nous apporte non seulement les\nexcellents produits de sa production, mais aussi sa passion, son savoir-faire\net son engagement pour la sauvegarde d\u2019une agriculture paysanne qui s\u2019inscrit\ndans son terroir, dans des partenariats locaux et une client\u00e8le de proximit\u00e9.<\/p>\n\n\n\n<p>C\u2019est lors des visites \u00e0 son moulin que sa passion pour son m\u00e9tier \u00e9clate\nle plus brillamment, lorsqu\u2019il nous fait d\u00e9couvrir son outil de travail, le\nsoin qu\u2019il applique dans son travail et la qualit\u00e9 de ses farines.<\/p>\n\n\n\n<p>A chaque rencontre, il ne tarit pas de conseils pour tout ce qui touche l\u2019utilisation de ses produits, pour le plus grand bonheur de nos papilles.<\/p>\n\n\n\n<p>contact : <a href=\"mailto:farine@lepaniersaintfiacre.fr\" data-type=\"URL\" data-id=\"farine@lepaniersaintfiacre.fr\">email \u00ab\u00a0farines\u00a0\u00bb<\/a><\/p>\n\n\n\n<div class=\"is-layout-flex wp-block-buttons\"><\/div>\n","protected":false},"excerpt":{"rendered":"<p>Le producteur : Gilles Matignon Artisan meunier en Ile de France depuis 4 g\u00e9n\u00e9rations, il d\u00e9veloppe des partenariats agriculteur-meunier qui &hellip; <a href=\"https:\/\/lepaniersaintfiacre.fr\/index.php\/contrats\/contrat-farines\/\" class=\"more-link\">More <span class=\"screen-reader-text\">Contrat Farines<\/span> <span class=\"meta-nav\">&rarr;<\/span><\/a><\/p>\n","protected":false},"author":4,"featured_media":0,"parent":2,"menu_order":0,"comment_status":"closed","ping_status":"closed","template":"","meta":[],"_links":{"self":[{"href":"https:\/\/lepaniersaintfiacre.fr\/index.php\/wp-json\/wp\/v2\/pages\/63"}],"collection":[{"href":"https:\/\/lepaniersaintfiacre.fr\/index.php\/wp-json\/wp\/v2\/pages"}],"about":[{"href":"https:\/\/lepaniersaintfiacre.fr\/index.php\/wp-json\/wp\/v2\/types\/page"}],"author":[{"embeddable":true,"href":"https:\/\/lepaniersaintfiacre.fr\/index.php\/wp-json\/wp\/v2\/users\/4"}],"replies":[{"embeddable":true,"href":"https:\/\/lepaniersaintfiacre.fr\/index.php\/wp-json\/wp\/v2\/comments?post=63"}],"version-history":[{"count":23,"href":"https:\/\/lepaniersaintfiacre.fr\/index.php\/wp-json\/wp\/v2\/pages\/63\/revisions"}],"predecessor-version":[{"id":887,"href":"https:\/\/lepaniersaintfiacre.fr\/index.php\/wp-json\/wp\/v2\/pages\/63\/revisions\/887"}],"up":[{"embeddable":true,"href":"https:\/\/lepaniersaintfiacre.fr\/index.php\/wp-json\/wp\/v2\/pages\/2"}],"wp:attachment":[{"href":"https:\/\/lepaniersaintfiacre.fr\/index.php\/wp-json\/wp\/v2\/media?parent=63"}],"curies":[{"name":"wp","href":"https:\/\/api.w.org\/{rel}","templated":true}]}}