{"id":561,"date":"2024-12-02T01:10:33","date_gmt":"2024-12-02T00:10:33","guid":{"rendered":"https:\/\/lepaniersaintfiacre.fr\/?page_id=561"},"modified":"2025-12-20T22:42:56","modified_gmt":"2025-12-20T21:42:56","slug":"amapj","status":"publish","type":"page","link":"https:\/\/lepaniersaintfiacre.fr\/index.php\/contrats\/amapj\/","title":{"rendered":"AMAPJ"},"content":{"rendered":"\n<h3>Avant-Propos<\/h3>\n\n\n\n<p>Si vous \u00eates int\u00e9ress\u00e9 pour vous inscrire \u00e0 un contrat, mais que <span style=\"text-decoration: underline;\">vous n&rsquo;avez jamais adh\u00e9r\u00e9 \u00e0 notre AMAP<\/span>, vous devez commencer par nous contacter par email \u00ab\u00a0contact\u00a0\u00bb, avec vos nom, num\u00e9ro de t\u00e9l\u00e9phone et le contrat qui vous int\u00e9resse. <br>=&gt; Aller \u00e0 la page <a href=\"https:\/\/lepaniersaintfiacre.fr\/index.php\/contact\/\" data-type=\"page\" data-id=\"10\">Contact<\/a><br>Une fois pris en compte par un administrateur, vous recevrez vos codes de connexion AmapJ (lien + email + mot de passe)<\/p>\n\n\n\n<p>Si vous avez d\u00e9j\u00e0 adh\u00e9r\u00e9 l&rsquo;ann\u00e9e pr\u00e9c\u00e9dente, vous devriez avoir des codes de connexion AmapJ. <br>En cas de mot de passe perdu, vous pouvez demander de le renouveler, et en cas de panique&#8230; envoyez nous un email \ud83d\ude09<\/p>\n\n\n\n<h3>Pr\u00e9sentation<\/h3>\n\n\n\n<p>Lien du site : <a rel=\"noreferrer noopener\" href=\"https:\/\/s8.amapj.fr\/p\/lisses#!\" target=\"_blank\">https:\/\/s8.amapj.fr\/p\/lisses#!<\/a><\/p>\n\n\n\n<div class=\"wp-block-media-text alignwide is-stacked-on-mobile\" style=\"grid-template-columns:23% auto\"><figure class=\"wp-block-media-text__media\"><img decoding=\"async\" loading=\"lazy\" width=\"103\" height=\"104\" src=\"https:\/\/lepaniersaintfiacre.fr\/wp-content\/uploads\/2024\/12\/logoAmapJ.png\" alt=\"\" class=\"wp-image-637 size-full\"\/><\/figure><div class=\"wp-block-media-text__content\">\n<p><strong>AmapJ<\/strong> est une application informatique permettant de <strong>simplifier la gestion des paniers et des contrats<\/strong>, ainsi que de r\u00e9duire notre temps pass\u00e9 aux t\u00e2ches administratives d&rsquo;une AMAP.<br>Elle s&rsquo;inscrit \u00e9galement dans notre \u00e9poque num\u00e9rique, en vous donnant acc\u00e8s \u00e0 des vues dynamiques de vos contrats et livraisons.<\/p>\n<\/div><\/div>\n\n\n\n<p>Il se pr\u00e9sente sous la forme d&rsquo;un logiciel en ligne (dans un navigateur Internet), accessible \u00e0 tous les adh\u00e9rents de l&rsquo;AMAP.<br>Pour les plus \u00ab\u00a0connect\u00e9s\u00a0\u00bb, ce logiciel peut \u00e9galement \u00eatre utilis\u00e9 depuis votre t\u00e9l\u00e9phone.<\/p>\n\n\n\n<p>En 2023-2024, les r\u00e9f\u00e9rents et quelques adh\u00e9rents l&rsquo;utilisaient comme une assistance au sein de notre AMAP.<br>Depuis 2025, Le collectif a souhait\u00e9 lui donner plus d&rsquo;ampleur en exploitant AmapJ au complet, o\u00f9 vous aurez vraiment un r\u00f4le en utilisant votre compte, et c&rsquo;est gagnant pour tous.<\/p>\n\n\n\n<p>Bien s\u00fbr, on sait qu&rsquo;il y en a beaucoup qui ne sont pas \u00e0 l&rsquo;aise avec l&rsquo;informatique. <br>Ne vous inqui\u00e9tez pas, il y aura toujours des r\u00e9f\u00e9rents pour vous guider et vous aider. N&rsquo;h\u00e9sitez pas \u00e0 nous <a href=\"https:\/\/lepaniersaintfiacre.fr\/index.php\/contact\/\" data-type=\"page\" data-id=\"10\">contacter<\/a> en envoyant un email avec noms et t\u00e9l\u00e9phone, \u00e0 \u00ab\u00a0contact@\u00a0\u00bb ou votre r\u00e9f\u00e9rent pr\u00e9f\u00e9r\u00e9.<\/p>\n\n\n\n<h3>Possibilit\u00e9s<\/h3>\n\n\n\n<p>Vous allez d\u00e9sormais pouvoir utiliser l&rsquo;outil AMAPJ :<\/p>\n\n\n\n<ul>\n<li>(Re)adh\u00e9rer \u00e0 notre AMAP<\/li>\n\n\n\n<li>Acc\u00e9der aux contrats propos\u00e9s avec leurs listes de produits et leurs prix, et vous y abonner<\/li>\n\n\n\n<li>Lorsque cela est autoris\u00e9, choisir les variations de vos livraisons (produits, rythme, &#8230;)<\/li>\n\n\n\n<li>Imprimer votre Contrat d&rsquo;Adh\u00e9sion AMAP et vos Contrats d&rsquo;Engagement, (pour les signer et les remettre)<\/li>\n\n\n\n<li>Consulter vos livraisons \u00e0 venir, les d\u00e9tails de vos abonnements, t\u00e9l\u00e9charger diff\u00e9rents tableaux de vos abonnements<\/li>\n\n\n\n<li>Vous inscrire sur les permanences de livraisons et les consulter.<\/li>\n<\/ul>\n\n\n\n<h3>Utilisations de AmapJ<\/h3>\n\n\n\n<p>Aller sur le site dans votre navigateur : <a rel=\"noreferrer noopener\" href=\"https:\/\/s8.amapj.fr\/p\/lisses#!\" target=\"_blank\">https:\/\/s8.amapj.fr\/p\/lisses#!<\/a><\/p>\n\n\n<div class=\"wp-block-image\">\n<figure class=\"aligncenter size-full\"><img decoding=\"async\" loading=\"lazy\" width=\"413\" height=\"373\" src=\"https:\/\/lepaniersaintfiacre.fr\/wp-content\/uploads\/2024\/12\/Capture-decran-AmapJ.png\" alt=\"\" class=\"wp-image-563\" srcset=\"https:\/\/lepaniersaintfiacre.fr\/wp-content\/uploads\/2024\/12\/Capture-decran-AmapJ.png 413w, https:\/\/lepaniersaintfiacre.fr\/wp-content\/uploads\/2024\/12\/Capture-decran-AmapJ-300x271.png 300w\" sizes=\"(max-width: 413px) 100vw, 413px\" \/><\/figure><\/div>\n\n\n<p>Le site AmapJ est con\u00e7u pour \u00eatre simple \u00e0 utiliser. <br>Je vous conseille tout de m\u00eame de pr\u00e9parer vos adh\u00e9sions et abonnements \u00e0 des contrats, depuis un vrai poste informatique (PC fixe ou PC portable),  et de r\u00e9server l&rsquo;usage du smartphone uniquement pour de la consultation.<\/p>\n\n\n\n<p>Ce qu&rsquo;il faut savoir, c&rsquo;est qu&rsquo;une fois connect\u00e9, vous devez :<\/p>\n\n\n\n<ul>\n<li>Faire la demande d&rsquo;adh\u00e9sion de l&rsquo;ann\u00e9e par AmapJ, \u00ab\u00a0mes adh\u00e9sions\u00a0\u00bb<\/li>\n\n\n\n<li>Fournir l&rsquo;adh\u00e9sion sign\u00e9e avec le ch\u00e8que \u00e0 l&rsquo;AMAP (tr\u00e9sorier ou autre membre de l&rsquo;AMAP)<br>-&gt; Vous aurez ensuite acc\u00e8s, dans AmapJ aux contrats en cours disponibles (l\u00e9gumes, pain, &#8230;).<\/li>\n\n\n\n<li>Vous pouvez vous y abonner, attention \u00e0 tenir compte des dates annonc\u00e9es pour vous inscrire.<\/li>\n\n\n\n<li>A la fin de chaque contrat, imprimer le Contrat d&rsquo;Engagement en AMAP pour le signer et le remettre au r\u00e9f\u00e9rent de ce contrat.<br>-&gt; L&rsquo;abonnement sera effectif une fois tous les \u00e9l\u00e9ments valid\u00e9s par le r\u00e9f\u00e9rent.<\/li>\n\n\n\n<li>Le r\u00e9f\u00e9rent transmettra le contrat d&rsquo;Engagement au paysan-producteur. Vous pourrez lui demander d&rsquo;avoir une copie, sinon vous retrouverez les informations sur le site de AmapJ.<\/li>\n\n\n\n<li>Venir chercher vos produits aux livraisons pr\u00e9vues. <\/li>\n<\/ul>\n\n\n\n<p>Si vous ne comprenez pas certaines \u00e9tapes dans AmapJ, nous vous invitons \u00e0 consulter l&rsquo;aide en ligne faite par le cr\u00e9ateur.<br>Disponible ici : <a href=\"https:\/\/amapj.fr\/docs_utilisateur_adherent.html\">https:\/\/amapj.fr\/docs_utilisateur_adherent.html<\/a><\/p>\n\n\n\n<p>Et sinon, ou en cas d&rsquo;erreur \u00e0 signaler, transmettez-nous un email =&gt; voir <a href=\"https:\/\/lepaniersaintfiacre.fr\/index.php\/contact\/\" data-type=\"page\" data-id=\"10\">Contact<\/a> <\/p>\n\n\n\n<p><\/p>\n\n\n\n<p>A bient\u00f4t <\/p>\n\n\n\n<p><\/p>\n","protected":false},"excerpt":{"rendered":"<p>Avant-Propos Si vous \u00eates int\u00e9ress\u00e9 pour vous inscrire \u00e0 un contrat, mais que vous n&rsquo;avez jamais adh\u00e9r\u00e9 \u00e0 notre AMAP, &hellip; <a href=\"https:\/\/lepaniersaintfiacre.fr\/index.php\/contrats\/amapj\/\" class=\"more-link\">More <span class=\"screen-reader-text\">AMAPJ<\/span> <span class=\"meta-nav\">&rarr;<\/span><\/a><\/p>\n","protected":false},"author":1,"featured_media":0,"parent":2,"menu_order":0,"comment_status":"closed","ping_status":"closed","template":"","meta":[],"_links":{"self":[{"href":"https:\/\/lepaniersaintfiacre.fr\/index.php\/wp-json\/wp\/v2\/pages\/561"}],"collection":[{"href":"https:\/\/lepaniersaintfiacre.fr\/index.php\/wp-json\/wp\/v2\/pages"}],"about":[{"href":"https:\/\/lepaniersaintfiacre.fr\/index.php\/wp-json\/wp\/v2\/types\/page"}],"author":[{"embeddable":true,"href":"https:\/\/lepaniersaintfiacre.fr\/index.php\/wp-json\/wp\/v2\/users\/1"}],"replies":[{"embeddable":true,"href":"https:\/\/lepaniersaintfiacre.fr\/index.php\/wp-json\/wp\/v2\/comments?post=561"}],"version-history":[{"count":10,"href":"https:\/\/lepaniersaintfiacre.fr\/index.php\/wp-json\/wp\/v2\/pages\/561\/revisions"}],"predecessor-version":[{"id":908,"href":"https:\/\/lepaniersaintfiacre.fr\/index.php\/wp-json\/wp\/v2\/pages\/561\/revisions\/908"}],"up":[{"embeddable":true,"href":"https:\/\/lepaniersaintfiacre.fr\/index.php\/wp-json\/wp\/v2\/pages\/2"}],"wp:attachment":[{"href":"https:\/\/lepaniersaintfiacre.fr\/index.php\/wp-json\/wp\/v2\/media?parent=561"}],"curies":[{"name":"wp","href":"https:\/\/api.w.org\/{rel}","templated":true}]}}