{"id":538,"date":"2024-10-10T14:06:23","date_gmt":"2024-10-10T12:06:23","guid":{"rendered":"http:\/\/lepaniersaintfiacre.fr\/?page_id=538"},"modified":"2025-02-21T08:48:58","modified_gmt":"2025-02-21T07:48:58","slug":"contrat-plantes-aromatiques","status":"publish","type":"page","link":"https:\/\/lepaniersaintfiacre.fr\/index.php\/contrats\/contrat-plantes-aromatiques\/","title":{"rendered":"Plantes Aromatiques et M\u00e9dicinales"},"content":{"rendered":"\n<p><strong>Les paysans<\/strong>\u00a0:\u00a0<strong>Jardin du Cabri <\/strong>\u2013 S\u00e9bastien BEAURY et Claire PROUST \u2013 Les H\u00e9raults (RD 760 de Sainte-Maure \u00e0 Loches) \u2013 37800 SEPMES<\/p>\n\n\n\n<p><strong>Les produits<\/strong>&nbsp;: Tisanes &#8211; Produits de soins &#8211; Herbes &#8211; Sels &#8211; Sirops  (+ Paniers Cadeaux )<\/p>\n\n\n\n<p><strong>R\u00e9f\u00e9rent <\/strong>: <a href=\"mailto:pam@lepaniersaintfiacre.fr\" data-type=\"mailto\" data-id=\"mailto:pam@lepaniersaintfiacre.fr\">Sylvie Tr\u00e9sorier<\/a><\/p>\n\n\n\n<p><strong>Site Internet<\/strong> : <strong><a href=\"https:\/\/lesjardinsducabri.fr\/fr\/\">www.lesjardinsducabri.fr<\/a><\/strong>, <br><strong>R\u00e9seaux sociaux<\/strong> : <a href=\"https:\/\/www.instagram.com\/jardinsducabri\/\" data-type=\"URL\" data-id=\"https:\/\/www.instagram.com\/jardinsducabri\/\">*Instagram*<\/a>  et  <a href=\"https:\/\/www.facebook.com\/jardinsducabri\" data-type=\"URL\" data-id=\"https:\/\/www.facebook.com\/jardinsducabri\">*Facebook*<\/a><\/p>\n\n\n\n<p>Noter qu&rsquo;on appelle parfois ce contrat Les \u00ab\u00a0PAM\u00a0\u00bb.<br>S\u00e9bastien et Claire sont nos m\u00eames partenaires pour le contrat des Fromages de ch\u00e8vre. <br>Ils proposent donc des plantes aromatiques et m\u00e9dicinales par leur structure du <strong>Jardin du Cabri<\/strong> .<\/p>\n\n\n\n<p>Pour d\u00e9couvrir leur travail vous pouvez visionner cette <strong><a href=\"https:\/\/www.youtube.com\/watch?v=1AXL_uYQNJg\" data-type=\"URL\" data-id=\"https:\/\/www.youtube.com\/watch?v=1AXL_uYQNJg\">vid\u00e9o<\/a><\/strong>.<br>Et ils vous encouragent \u00e0 consulter leurs diff\u00e9rents sites num\u00e9riques.<\/p>\n\n\n\n<h3><strong>Contrat<\/strong> AMAP<\/h3>\n\n\n\n<p>Comme pour l\u2019ann\u00e9e derni\u00e8re, il y aura 3 \u00ab\u00a0contrats\u00a0\u00bb ou plut\u00f4t 3 <strong>commandes <\/strong>dans l&rsquo;ann\u00e9e correspondant au PRINTEMPS en mars, \u00e0 l&rsquo;\u00c9T\u00c9 en juin, et \u00e0 l&rsquo;AUTOMNE en novembre.<\/p>\n\n\n\n<p><strong><mark style=\"background-color:rgba(0, 0, 0, 0)\" class=\"has-inline-color has-vivid-green-cyan-color\">Calendrier des Livraisons <\/mark><\/strong>: elles se feront le jeudi entre 18h et 19h, aux dates pr\u00e9vues :<br><strong>13 mars, 12 juin, 13 novembre<\/strong>.<\/p>\n\n\n\n<p><strong><mark style=\"background-color:rgba(0, 0, 0, 0)\" class=\"has-inline-color has-vivid-green-cyan-color\">Lieu <\/mark><\/strong>: A la salle Cocteau du centre culturelle, \u00e0 cot\u00e9 de la m\u00e9diath\u00e8que du Mail de l\u2019Ile de France, au Long Rayage \u00e0 Lisses.<\/p>\n\n\n\n<p>Depuis le site AmapJ, contrairement aux autres contrats de l&rsquo;AMAP, il n&rsquo;est pas pr\u00e9vu de contrat sign\u00e9 puisque les commandes  et paiements seront faites lors de chaque livraison. <\/p>\n\n\n\n<p>N\u00e9anmoins, vous pourrez retrouvez le d\u00e9tail de vos choix, et le t\u00e9l\u00e9charger, les dates de la livraison et le montant total, sur l&rsquo;outil AmapJ, \u00e0 cette adresse : <a href=\"https:\/\/s8.amapj.fr\/p\/lisses#\" data-type=\"URL\" data-id=\"https:\/\/s8.amapj.fr\/p\/lisses#\">Site AmapJ<\/a>. <\/p>\n\n\n\n<p>Sylvie consultera AmapJ apr\u00e8s les inscriptions pour envoyer les commandes au Jardins du Cabri. <br>Mais n&rsquo;h\u00e9sitez pas \u00e0 envoyer un petit email \u00e0 Sylvie par vous-m\u00eame pour l&rsquo;informer de votre inscription, l&rsquo;occasion de partager votre int\u00e9r\u00eat et vos questions sur ces produits.<\/p>\n\n\n\n<p>Merci de pr\u00e9voir le paiement le jour de distribution, qui se fera<span style=\"text-decoration: underline;\"> en ch\u00e8que uniquement<\/span>. L&rsquo;ordre est \u00ab\u00a0<strong>Jardins du Cabri<\/strong>\u00ab\u00a0.<\/p>\n\n\n\n<h3>Propositions<\/h3>\n\n\n\n<p><strong><mark style=\"background-color:#7bdcb5\" class=\"has-inline-color\">OUVERTURE DES INSCRIPTIONS<\/mark><\/strong> : <strong>Ouvert le 17 F\u00e9vrier 2025<\/strong><br><strong><mark style=\"background-color:#7bdcb5\" class=\"has-inline-color\">LIMITE DES INSCRIPTIONS<\/mark><\/strong> : <strong>Pr\u00e9vu pour le 25 f\u00e9vrier 2025<\/strong>.<\/p>\n\n\n\n<p>L\u2019adh\u00e9rent a la possibilit\u00e9 de commander plusieurs produits. <\/p>\n\n\n\n<p>Pour chaque livraison \u00e0 venir, une campagne d&rsquo;inscription sera envoy\u00e9e au moins 1 mois \u00e0 l&rsquo;avance, pour que le paysan-producteur puisse s&rsquo;organiser.<\/p>\n\n\n\n<p>Pour la s\u00e9lection, il est recommand\u00e9 de la faire sur notre site de gestion, <strong>AmapJ<\/strong> (<a href=\"https:\/\/lepaniersaintfiacre.fr\/index.php\/contrats\/amapj\/\">voir page d\u00e9di\u00e9e<\/a>),<br>ou bien de la soumettre au r\u00e9f\u00e9rent (un <a href=\"mailto:pam@lepaniersaintfiacre.fr\" data-type=\"mailto\" data-id=\"mailto:pam@lepaniersaintfiacre.fr\">email <\/a>ou de visu), qui vous aidera \u00e0 choisir et enregistrera vos informations.<br>=> Donc la date limite pour cela est le <strong>25 f\u00e9vrier 2025<\/strong><\/p>\n\n\n\n<p>Les Produits du Jardins du Cabri sont certifi\u00e9s <strong><mark style=\"background-color:rgba(0, 0, 0, 0)\" class=\"has-inline-color has-vivid-green-cyan-color\">Agriculture Biologique<\/mark><\/strong> <\/p>\n\n\n\n<h4>Disponible sur toute la p\u00e9riode<\/h4>\n\n\n\n<p>T\u00e9l\u00e9charger le document ci-apr\u00e8s qui contient les produits propos\u00e9 par Les jardins du Cabri.<\/p>\n\n\n\n<div class=\"wp-block-file\"><object class=\"wp-block-file__embed\" data=\"https:\/\/lepaniersaintfiacre.fr\/wp-content\/uploads\/2025\/02\/AMAP-H37-TARIFS-2025-PPAM-PLANTES-PRINTEMPS.pdf\" type=\"application\/pdf\" style=\"width:100%;height:600px\" aria-label=\"Contenu embarqu\u00e9 AMAP-H37-TARIFS-2025-PPAM-PLANTES-PRINTEMPS.\"><\/object><a id=\"wp-block-file--media-9dab0c62-9019-4479-b03f-a4d73224342a\" href=\"https:\/\/lepaniersaintfiacre.fr\/wp-content\/uploads\/2025\/02\/AMAP-H37-TARIFS-2025-PPAM-PLANTES-PRINTEMPS.pdf\">AMAP-H37-TARIFS-2025-PPAM-PLANTES-PRINTEMPS<\/a><a href=\"https:\/\/lepaniersaintfiacre.fr\/wp-content\/uploads\/2025\/02\/AMAP-H37-TARIFS-2025-PPAM-PLANTES-PRINTEMPS.pdf\" class=\"wp-block-file__button wp-element-button\" download aria-describedby=\"wp-block-file--media-9dab0c62-9019-4479-b03f-a4d73224342a\">T\u00e9l\u00e9charger<\/a><\/div>\n\n\n\n<p>=> Vous retrouverez les m\u00eames donn\u00e9es lors de votre inscription sur AmapJ.<\/p>\n\n\n\n<hr class=\"wp-block-separator has-alpha-channel-opacity\"\/>\n\n\n\n<h3>Coups de mains au jardin<\/h3>\n\n\n\n<p>S\u00e9bastien et Claire vous proposent \u00e9galement de venir les aider \u00e0 entretenir le jardin qui n\u00e9cessite un travail r\u00e9gulier. <br>Ils sont preneurs de <strong>coups de main Amapiens <\/strong>pour faire vivre ce lieu de culture et de cueillette, afin de vous proposer des produits de qualit\u00e9.<br>L&rsquo;inscription se fait par <strong>journ\u00e9es &#8211; 1\/2 journ\u00e9es<\/strong> sur ce lien : <strong><a rel=\"noreferrer noopener\" href=\"https:\/\/lesjardinsducabri.fr\/fr\/entraide-amapienne\" target=\"_blank\">https:\/\/lesjardinsducabri.fr\/fr\/entraide-amapienne<\/a><\/strong><\/p>\n\n\n\n<p>Sinon, ils feront parti des <strong>portes ouvertes <\/strong>:<\/p>\n\n\n\n<ul>\n<li>De Ferme en Ferme le WE du 26-27 avril 2025<\/li>\n\n\n\n<li>Rendez-vous au Jardin des roses le WE du 7-8 juin 2025<\/li>\n<\/ul>\n","protected":false},"excerpt":{"rendered":"<p>Les paysans\u00a0:\u00a0Jardin du Cabri \u2013 S\u00e9bastien BEAURY et Claire PROUST \u2013 Les H\u00e9raults (RD 760 de Sainte-Maure \u00e0 Loches) \u2013 &hellip; <a href=\"https:\/\/lepaniersaintfiacre.fr\/index.php\/contrats\/contrat-plantes-aromatiques\/\" class=\"more-link\">More <span class=\"screen-reader-text\">Plantes Aromatiques et M\u00e9dicinales<\/span> <span class=\"meta-nav\">&rarr;<\/span><\/a><\/p>\n","protected":false},"author":1,"featured_media":0,"parent":2,"menu_order":0,"comment_status":"closed","ping_status":"closed","template":"","meta":[],"_links":{"self":[{"href":"https:\/\/lepaniersaintfiacre.fr\/index.php\/wp-json\/wp\/v2\/pages\/538"}],"collection":[{"href":"https:\/\/lepaniersaintfiacre.fr\/index.php\/wp-json\/wp\/v2\/pages"}],"about":[{"href":"https:\/\/lepaniersaintfiacre.fr\/index.php\/wp-json\/wp\/v2\/types\/page"}],"author":[{"embeddable":true,"href":"https:\/\/lepaniersaintfiacre.fr\/index.php\/wp-json\/wp\/v2\/users\/1"}],"replies":[{"embeddable":true,"href":"https:\/\/lepaniersaintfiacre.fr\/index.php\/wp-json\/wp\/v2\/comments?post=538"}],"version-history":[{"count":10,"href":"https:\/\/lepaniersaintfiacre.fr\/index.php\/wp-json\/wp\/v2\/pages\/538\/revisions"}],"predecessor-version":[{"id":836,"href":"https:\/\/lepaniersaintfiacre.fr\/index.php\/wp-json\/wp\/v2\/pages\/538\/revisions\/836"}],"up":[{"embeddable":true,"href":"https:\/\/lepaniersaintfiacre.fr\/index.php\/wp-json\/wp\/v2\/pages\/2"}],"wp:attachment":[{"href":"https:\/\/lepaniersaintfiacre.fr\/index.php\/wp-json\/wp\/v2\/media?parent=538"}],"curies":[{"name":"wp","href":"https:\/\/api.w.org\/{rel}","templated":true}]}}