{"id":209,"date":"2020-10-01T17:27:29","date_gmt":"2020-10-01T15:27:29","guid":{"rendered":"http:\/\/lepaniersaintfiacre.fr\/?page_id=209"},"modified":"2020-10-01T17:35:44","modified_gmt":"2020-10-01T15:35:44","slug":"reunions-du-collectif","status":"publish","type":"page","link":"https:\/\/lepaniersaintfiacre.fr\/index.php\/actualites\/reunions-du-collectif\/","title":{"rendered":"Comptes-Rendus"},"content":{"rendered":"\n<h2 class=\"has-vivid-green-cyan-color has-text-color\">R\u00e9unions du collectif<\/h2>\n\n\n\n<div class=\"wp-block-file\"><a href=\"https:\/\/lepaniersaintfiacre.fr\/wp-content\/uploads\/2020\/10\/CR_CA-02072020.pptx\">R\u00e9union du 2 Juillet 2020<\/a><a href=\"https:\/\/lepaniersaintfiacre.fr\/wp-content\/uploads\/2020\/10\/CR_CA-02072020.pptx\" class=\"wp-block-file__button\" download>T\u00e9l\u00e9charger<\/a><\/div>\n\n\n\n<div class=\"wp-block-file\"><a href=\"https:\/\/lepaniersaintfiacre.fr\/wp-content\/uploads\/2020\/10\/CR_CA-27082020.pdf\">R\u00e9union du 27 Ao\u00fbt 2020<\/a><a href=\"https:\/\/lepaniersaintfiacre.fr\/wp-content\/uploads\/2020\/10\/CR_CA-27082020.pdf\" class=\"wp-block-file__button\" download>T\u00e9l\u00e9charger<\/a><\/div>\n\n\n\n<h1 class=\"has-vivid-green-cyan-color has-text-color\">Assembl\u00e9es G\u00e9n\u00e9rales<\/h1>\n\n\n\n<div class=\"wp-block-file\"><a href=\"https:\/\/lepaniersaintfiacre.fr\/wp-content\/uploads\/2020\/10\/2019_Rapport-dactivite-et-moral.pdf\">2019_Rapport-dactivite-et-moral<\/a><a href=\"https:\/\/lepaniersaintfiacre.fr\/wp-content\/uploads\/2020\/10\/2019_Rapport-dactivite-et-moral.pdf\" class=\"wp-block-file__button\" download>T\u00e9l\u00e9charger<\/a><\/div>\n\n\n\n<div class=\"wp-block-file\"><a href=\"https:\/\/lepaniersaintfiacre.fr\/wp-content\/uploads\/2020\/10\/2019_Rapport-financier.pdf\">2019_Rapport-financier<\/a><a href=\"https:\/\/lepaniersaintfiacre.fr\/wp-content\/uploads\/2020\/10\/2019_Rapport-financier.pdf\" class=\"wp-block-file__button\" download>T\u00e9l\u00e9charger<\/a><\/div>\n\n\n\n<div class=\"wp-block-file\"><a href=\"https:\/\/lepaniersaintfiacre.fr\/wp-content\/uploads\/2020\/10\/Assemblee-Generale-2019.pdf\">2019_Assemblee-Generale<\/a><a href=\"https:\/\/lepaniersaintfiacre.fr\/wp-content\/uploads\/2020\/10\/Assemblee-Generale-2019.pdf\" class=\"wp-block-file__button\" download>T\u00e9l\u00e9charger<\/a><\/div>\n\n\n\n<p><\/p>\n","protected":false},"excerpt":{"rendered":"<p>R\u00e9unions du collectif Assembl\u00e9es G\u00e9n\u00e9rales<\/p>\n","protected":false},"author":1,"featured_media":0,"parent":152,"menu_order":0,"comment_status":"closed","ping_status":"closed","template":"","meta":[],"_links":{"self":[{"href":"https:\/\/lepaniersaintfiacre.fr\/index.php\/wp-json\/wp\/v2\/pages\/209"}],"collection":[{"href":"https:\/\/lepaniersaintfiacre.fr\/index.php\/wp-json\/wp\/v2\/pages"}],"about":[{"href":"https:\/\/lepaniersaintfiacre.fr\/index.php\/wp-json\/wp\/v2\/types\/page"}],"author":[{"embeddable":true,"href":"https:\/\/lepaniersaintfiacre.fr\/index.php\/wp-json\/wp\/v2\/users\/1"}],"replies":[{"embeddable":true,"href":"https:\/\/lepaniersaintfiacre.fr\/index.php\/wp-json\/wp\/v2\/comments?post=209"}],"version-history":[{"count":5,"href":"https:\/\/lepaniersaintfiacre.fr\/index.php\/wp-json\/wp\/v2\/pages\/209\/revisions"}],"predecessor-version":[{"id":223,"href":"https:\/\/lepaniersaintfiacre.fr\/index.php\/wp-json\/wp\/v2\/pages\/209\/revisions\/223"}],"up":[{"embeddable":true,"href":"https:\/\/lepaniersaintfiacre.fr\/index.php\/wp-json\/wp\/v2\/pages\/152"}],"wp:attachment":[{"href":"https:\/\/lepaniersaintfiacre.fr\/index.php\/wp-json\/wp\/v2\/media?parent=209"}],"curies":[{"name":"wp","href":"https:\/\/api.w.org\/{rel}","templated":true}]}}