{"id":2,"date":"2020-01-30T13:28:15","date_gmt":"2020-01-30T12:28:15","guid":{"rendered":"http:\/\/lepaniersaintfiacre.fr\/?page_id=2"},"modified":"2025-12-20T22:18:30","modified_gmt":"2025-12-20T21:18:30","slug":"contrats","status":"publish","type":"page","link":"https:\/\/lepaniersaintfiacre.fr\/index.php\/contrats\/","title":{"rendered":"Adh\u00e9sion et Contrats"},"content":{"rendered":"\n<p>Actuellement, Le Panier Saint Fiacre propose<strong> <\/strong>plusieurs <strong>contrats  en AMAP<\/strong>.  <br><strong>Chaque contrat \u00e0 un r\u00e9f\u00e9rent<\/strong> (ou responsable distribution) :  Il (elle) s&rsquo;assure de la pr\u00e9sence, \u00e0 chaque distribution et \u00e0 tour de r\u00f4le, d&rsquo;au moins un membre du groupe en AMAP  charg\u00e9 d&rsquo;aider le producteur \u00e0 disposer les denr\u00e9es, afficher la composition du panier, accueillir les participants.<br>Pour cela, il demande aux consommateurs de s\u2019inscrire pour au moins une distribution lors de la prise des abonnements.<\/p>\n\n\n\n<p> <strong>Le prix du panier<\/strong>&nbsp;est fix\u00e9 de mani\u00e8re&nbsp;<strong>\u00e9quitable<\/strong>&nbsp;: il permet au paysan de couvrir ses frais de production et de d\u00e9gager un revenu d\u00e9cent, tout en \u00e9tant abordable par le consommateur.<\/p>\n\n\n\n<p> En achetant leur part de production \u00e0 l&rsquo;avance, <strong>les consommateurs garantissent un revenu au paysan. <\/strong><br>L&rsquo;int\u00e9r\u00eat de ces contrats est de fournir une meilleure stabilit\u00e9 financi\u00e8re des paysans &#8211; producteur. Et accepter cela, c&rsquo;est d\u00e9j\u00e0 une marque de soutien et d&rsquo;encouragement des abonn\u00e9s.<\/p>\n\n\n\n<p>Ainsi, l&rsquo;AMAP participe au maintien d&rsquo;une&nbsp;<em><strong>agriculture de proximit\u00e9<\/strong><\/em>&nbsp;et \u00e0 la&nbsp;<em><strong>gestion de la pression fonci\u00e8re<\/strong><\/em>.<\/p>\n\n\n\n<h2 class=\"has-vivid-green-cyan-color has-text-color\">Les engagements des CONSOMMATEURS<\/h2>\n\n\n\n<p>En adh\u00e9rant \u00e0 une AMAP et surtout abonn\u00e9 \u00e0 un contrat, le consommateur prend les responsabilit\u00e9s suivantes :<\/p>\n\n\n\n<ul>\n<li><strong>S\u2019engager en payant sa part de la r\u00e9colte \u00e0 l\u2019avance,<\/strong> (pr\u00e9lev\u00e9 chaque mois) en comprenant que cela inclut le partage des risques et des b\u00e9n\u00e9fices avec la ferme, pour la saison \u00e0 venir.<\/li>\n\n\n\n<li><strong>Participer \u00e0 la pr\u00e9paration<\/strong>, accueil des adh\u00e9rents, remise des parts de produit, et ranger\/nettoyer apr\u00e8s la s\u00e9ance lors des certaines livraisons.  L&rsquo;adh\u00e9rents doit anticiper les dates de ces s\u00e9ances.  <\/li>\n\n\n\n<li>Venir <strong>chercher son panier au jour et \u00e0 l\u2019heure dits<\/strong>. Pr\u00e9venir s\u2019il ne peut prendre son panier (retard, vacances, etc.) et convenir d\u2019un arrangement selon les possibilit\u00e9s qui ont \u00e9t\u00e9 d\u00e9finies au d\u00e9but de la saison.<\/li>\n\n\n\n<li>Communiquer en toute franchise et libert\u00e9 ses bonnes remarques, ses questions ou ses insatisfactions directement aupr\u00e8s de son paysan et du coordinateur, pour qu\u2019ils puissent examiner ensemble si des explications ou des am\u00e9liorations sont possibles.<\/li>\n\n\n\n<li>Tant que possible, visiter les paysans &#8211; producteurs qui le proposent, lors de journ\u00e9es de partage organis\u00e9e pour comprendre leur m\u00e9tier, avec son cot\u00e9 essentiel mais aussi difficile, et apporter un peu d&rsquo;aide et de soutien. <\/li>\n\n\n\n<li>Partager ses id\u00e9es et ses initiatives avec la ferme et les autres partenaires afin d\u2019am\u00e9liorer le fonctionnement du projet.<\/li>\n<\/ul>\n\n\n\n<p>Aussi cet engagement en AMAP, c&rsquo;est accepter de ne pas avoir ce que l&rsquo;on souhaite ou quand on le souhaite; mais ce qu&rsquo;il est normal de consommer \u00e0 chaque \u00e9tape de l&rsquo;ann\u00e9e.<\/p>\n\n\n\n<h2 class=\"has-vivid-green-cyan-color has-text-color\"><strong>Les engagements des PAYSANS<\/strong><\/h2>\n\n\n\n<p>En devenant partenaire d&rsquo;une AMAP, le paysan prend les responsabilit\u00e9s suivantes :<\/p>\n\n\n\n<ul>\n<li>Produire une diversit\u00e9 de l\u00e9gumes et d\u2019autres \u00e9l\u00e9ments, si possible, pour <strong>composer des paniers vari\u00e9s<\/strong>.<\/li>\n\n\n\n<li>Livrer les produits au jour et \u00e0 l\u2019heure dits.<\/li>\n\n\n\n<li>Aviser ses partenaires en cas de probl\u00e8mes exceptionnels qui affecteraient la livraison ou toute activit\u00e9 : probl\u00e8me climatique grave, maladie, etc.<\/li>\n\n\n\n<li>\u00catre ouvert pour <strong>expliquer le travail de la ferme <\/strong>\u00e0 ses partenaires.<\/li>\n\n\n\n<li>Prendre en compte les remarques et les besoins de ses partenaires. Dans le cas o\u00f9 il ne peut satisfaire \u00e0 une demande, en expliquer les raisons. Effectuer une \u00e9valuation \u00e0 la fin de la saison.<\/li>\n<\/ul>\n\n\n\n<h2 class=\"has-vivid-green-cyan-color has-text-color\">Liste r\u00e9f\u00e9rents LPSF<\/h2>\n\n\n\n<p>Voir Page <a href=\"https:\/\/lepaniersaintfiacre.fr\/index.php\/contact\/\" data-type=\"page\" data-id=\"10\">Contacts<\/a><\/p>\n","protected":false},"excerpt":{"rendered":"<p>Actuellement, Le Panier Saint Fiacre propose plusieurs contrats en AMAP. Chaque contrat \u00e0 un r\u00e9f\u00e9rent (ou responsable distribution) : Il &hellip; <a href=\"https:\/\/lepaniersaintfiacre.fr\/index.php\/contrats\/\" class=\"more-link\">More <span class=\"screen-reader-text\">Adh\u00e9sion et Contrats<\/span> <span class=\"meta-nav\">&rarr;<\/span><\/a><\/p>\n","protected":false},"author":1,"featured_media":0,"parent":0,"menu_order":0,"comment_status":"closed","ping_status":"closed","template":"","meta":[],"_links":{"self":[{"href":"https:\/\/lepaniersaintfiacre.fr\/index.php\/wp-json\/wp\/v2\/pages\/2"}],"collection":[{"href":"https:\/\/lepaniersaintfiacre.fr\/index.php\/wp-json\/wp\/v2\/pages"}],"about":[{"href":"https:\/\/lepaniersaintfiacre.fr\/index.php\/wp-json\/wp\/v2\/types\/page"}],"author":[{"embeddable":true,"href":"https:\/\/lepaniersaintfiacre.fr\/index.php\/wp-json\/wp\/v2\/users\/1"}],"replies":[{"embeddable":true,"href":"https:\/\/lepaniersaintfiacre.fr\/index.php\/wp-json\/wp\/v2\/comments?post=2"}],"version-history":[{"count":23,"href":"https:\/\/lepaniersaintfiacre.fr\/index.php\/wp-json\/wp\/v2\/pages\/2\/revisions"}],"predecessor-version":[{"id":903,"href":"https:\/\/lepaniersaintfiacre.fr\/index.php\/wp-json\/wp\/v2\/pages\/2\/revisions\/903"}],"wp:attachment":[{"href":"https:\/\/lepaniersaintfiacre.fr\/index.php\/wp-json\/wp\/v2\/media?parent=2"}],"curies":[{"name":"wp","href":"https:\/\/api.w.org\/{rel}","templated":true}]}}